{"id":3149,"date":"2021-08-21T05:08:17","date_gmt":"2021-08-21T05:08:17","guid":{"rendered":"http:\/\/themes.themegoods.com\/grandtour\/demo\/?page_id=3149"},"modified":"2022-05-19T21:19:37","modified_gmt":"2022-05-19T21:19:37","slug":"home-4-travel-site","status":"publish","type":"page","link":"https:\/\/nebotours.ba\/","title":{"rendered":"Turisti\u010dka  agencija Nebo-tours d.o.o."},"content":{"rendered":"<body><p><\/p>\n<div class=\"one fullwidth \"><\/div>\n<div class=\"one withsmallpadding ppb_text\" style=\"border-top: 1px solid #ffffff;border-bottom: 1px solid #ffffff;text-align:center;padding:20px 0 20px 0;background-color:#82386d;color:#ffffff !important;\">\n<div class=\"standard_wrapper\">\n<div class=\"page_content_wrapper\">\n<div class=\"inner\">\n<div style=\"margin:auto;width:100%\">\n<div style=\"display: flex; flex-direction: \" row>\n<div style=\"display: flex; flex-direction:column;padding-right: 24px; align-items:center\">\n<div style=\"width: 250px\"><img decoding=\"async\" src=\"\/wp-content\/uploads\/2021\/09\/Nebotours.png\" alt=\"Nebotours\" loading=\"lazy\"><\/div>\n<div style=\"font-size: 18px\"><strong>Nebo-Tours je kompanija za organizovanje putovanja i licencirani IATA tur operator<\/strong><\/div>\n<p>\nAvio karte, smje\u0161taj (od hotela sa 3-4-5 zvjezdica, luksuznih vila do malih obiteljskih hotela, apartmana, smje\u0161taja kod ku\u0107e i ruralnog smje\u0161taja); konferencije i poticajna putovanja, paket aran\u017emani, transferi i iznajmljivanje automobila, kao i konsultantske usluge u razli\u010ditim oblastima koje se odnose na odr\u017eivi turizam i ekolo\u0161ku ekonomiju.<\/p>\n<\/div>\n<\/div>\n<\/div>\n<\/div>\n<\/div>\n<\/div>\n<\/div>\n<div class=\"one\" style=\"border-top: 1px solid #ffffff\">\n<div class=\"one_half_bg parallax\" style=\"background-image:url(\/wp-content\/uploads\/2022\/05\/ljetovanja-scaled.jpg);height:620px;\"><\/div>\n<div class=\"one_half_bg\" style=\"padding:25px;\">\n<h2 class=\"ppb_title\" style=\"\">Ljetovanja<\/h2>\n<div class=\"page_tagline\" style=\"\">Savr\u0161eno ljetovanje mo\u017ee da po\u010dne i bez prelistavanja silnih bro\u0161ura, bespotrebnih i skupih telefonskih poziva i trzavica oko rezervacija.<\/div>\n<div class=\"ppb_header_content\">\n<p>U\u017eivanje u blagodatima morske obale, u istra\u017eivanju sasvim novih krajolika i civlizacija, svje\u017eem planinskom vazduhu, pokloni\u010dkom putovanju ili bilo kom obliku opu\u0161tanja koje \u0107e vas oplemeniti i odmoriti tokom vrelih ljetnih mjeseci kada stres koji svakodnevnica sobom nosi dosegne svoj maksimum danas vam je bli\u017ei nego ikada!<\/p>\n<p>Svoju zamisao, bud\u017eet i pri\u017eeljkivanja povjerite NEBO timu i sa\u010dekajte povratnu informaciju koja \u0107e uvijek i\u0107i u va\u0161u korist.<\/p>\n<p>Osim adekvatnog smje\u0161taja, rado \u0107emo vas informisati i o stanju na putevima i grani\u010dnim prelazima, vremenskim prognozama, valutnim kursevima i svemu drugom \u0161to vam mo\u017ee zatrebati na odmoru!<\/p>\n<hr>\n<div style=\"text-align: center\"><strong><br>\nNudimo aktuelne, popularne i najpovoljnije ponude i programe za va\u0161e idealno ljetovanje!<br>\nOdaberite va\u0161u sljede\u0107u destinaciju!<\/strong>\n<div class=\"ljetovanja_buttons\">\n<a class=\"button small \" style=\"background-color:#ff4a52 !important;color:#ffffff !important;border:1px solid #ff4a52 !important;\" onclick=\"window.open('\/index.php\/albanija\/', '_self')\">Albanija<\/a><br>\n<a class=\"button small \" style=\"background-color:#ff4a52 !important;color:#ffffff !important;border:1px solid #ff4a52 !important;\" onclick=\"window.open('\/index.php\/crna-gora\/', '_self')\">Crna Gora<\/a><br>\n<a class=\"button small \" style=\"background-color:#ff4a52 !important;color:#ffffff !important;border:1px solid #ff4a52 !important;\" onclick=\"window.open('\/index.php\/egipat\/', '_self')\">Egipat<\/a><br>\n<a class=\"button small \" style=\"background-color:#ff4a52 !important;color:#ffffff !important;border:1px solid #ff4a52 !important;\" onclick=\"window.open('\/index.php\/grcka\/', '_self')\">Gr\u010dka<\/a><br>\n<a class=\"button small \" style=\"background-color:#ff4a52 !important;color:#ffffff !important;border:1px solid #ff4a52 !important;\" onclick=\"window.open('\/index.php\/hrvatska\/', '_self')\">Hrvatska<\/a><br>\n<a class=\"button small \" style=\"background-color:#ff4a52 !important;color:#ffffff !important;border:1px solid #ff4a52 !important;\" onclick=\"window.open('\/index.php\/turska\/', '_self')\">Turska<\/a>\n<\/div>\n<\/div>\n<\/div>\n<\/div>\n<p><br class=\"clear\"><\/p><\/div>\n<div class=\"one withsmallpadding ppb_text\" style=\"border-top: 1px solid #fffffftext-align:center;padding:20px 0 20px 0;background-color:#0b1344;color:#ffffff !important;\">\n<div class=\"standard_wrapper\">\n<div class=\"page_content_wrapper\">\n<div class=\"inner\">\n<div style=\"margin:auto;width:100%\">\n<h4 style=\"text-align: center;\"><span style=\"color: #ffffff;\"><strong>Obilazak Bosne i Hercegovine<\/strong><\/span><\/h4>\n<h1 style=\"text-align: center;\"><span style=\"color: #ffcb00;\">Pri\u010da o balkanskom Feniksu<\/span><\/h1>\n<p style=\"text-align: center;\">Postoji zemlja na Balkanu u kojoj se na tek ne\u0161to vi\u0161e od 50.000 kvadratnih kilometara povr\u0161ine nalaze sva ovozemaljska dobra i duhovne blagodati.<br>Dan mo\u017eete zapo\u010deti na predivnoj obali Jadranskog mora, a zavr\u0161iti ga u savr\u0161enom miru planinske ti\u0161ine.<br>Jednako tako mo\u017eete da birate izme\u0111u ludog adrenalina koji Vas obuzima dok se spu\u0161tate kanjonima nekih od podivljalih ljepotica-rijeka i opu\u0161taju\u0107e vo\u017enje kanuom i foto safarija u parku prirode.<\/p>\n\n<\/div>\n<\/div>\n<\/div>\n<\/div>\n<\/div>\n<div class=\"one withsmallpadding ppb_text\" style=\"text-align:left;padding:10px 0 10px 0;background-color:#0b1344;\">\n<div class=\"standard_wrapper\">\n<div class=\"page_content_wrapper\">\n<div class=\"inner\">\n<div style=\"margin:auto;width:100%\">\n<div class=\"one_fourth \" style=\"\"><a href=\"\/index.php\/foto-poema\/\">\n<div class=\"teaser_wrapper one left\" style=\"color:#ffffff;\"><img decoding=\"async\" src=\"\/wp-content\/uploads\/2022\/05\/foto-poema.jpg\" alt=\"\" loading=\"lazy\">\n<div class=\"teaser_content_wrapper\">\n<h5 style=\"color:#ffffff;\">Foto poema<\/h5>\n<\/div>\n<\/div>\n<p><\/p><\/a>\n<\/div>\n<div class=\"one_fourth \" style=\"\"><a href=\"\/index.php\/vinska-cesta-hercegovine\/\">\n<div class=\"teaser_wrapper one left\" style=\"color:#ffffff;\"><img decoding=\"async\" src=\"\/wp-content\/uploads\/2021\/09\/Vinska-cesta-Hercegovine.jpg\" alt=\"\" loading=\"lazy\">\n<div class=\"teaser_content_wrapper\">\n<h5 style=\"color:#ffffff;\">Vinska cesta Hercegovine<\/h5>\n<\/div>\n<\/div>\n<p><\/p><\/a>\n<\/div>\n<div class=\"one_fourth \" style=\"\"><a href=\"\/index.php\/ribolov\/\">\n<div class=\"teaser_wrapper one left\" style=\"color:#ffffff;\"><img decoding=\"async\" src=\"\/wp-content\/uploads\/2021\/09\/Ribolov.jpg\" alt=\"\" loading=\"lazy\">\n<div class=\"teaser_content_wrapper\">\n<h5 style=\"color:#ffffff;\">Ribolov<\/h5>\n<\/div>\n<\/div>\n<p><\/p><\/a>\n<\/div>\n<div class=\"one_fourth last \" style=\"\"><a href=\"\/index.php\/rafting\/\">\n<div class=\"teaser_wrapper one left\" style=\"color:#ffffff;\"><img decoding=\"async\" src=\"\/wp-content\/uploads\/2021\/09\/Rafting.jpg\" alt=\"\" loading=\"lazy\">\n<div class=\"teaser_content_wrapper\">\n<h5 style=\"color:#ffffff;\">Rafting<\/h5>\n<\/div>\n<\/div>\n<p><\/p><\/a>\n<\/div>\n<p><br class=\"clear\"><\/p>\n<\/div>\n<\/div>\n<\/div>\n<\/div>\n<\/div>\n<div class=\"one withsmallpadding ppb_header \" style=\"border-top: 1px solid #ff4a52;border-bottom: 1px solid #ff4a52;text-align:center;padding:20px 0 20px 0;color:#000000;\">\n<div class=\"standard_wrapper\">\n<div class=\"page_content_wrapper\">\n<div class=\"inner\">\n<div style=\"margin:auto;width:100%\">\n<h2 class=\"ppb_title\" style=\"color:#000000;\">Duh Balkana<\/h2>\n<div class=\"page_tagline\" style=\"color:#000000;\">Ni mala teritorija ni bogatija istorija<\/div>\n<div class=\"ppb_header_content\">\n<hr>\n<p>\u201eZapadni Balkan\u201c uklju\u010duje zemlje: Bosna i Hercegovina, Hrvatska, Crna Gora i Srbija.<br>\n<a href=\"\/index.php\/duh-balkana\/\"><\/a><\/p>\n<h3><span style=\"color: #ff4a52;\">Izaberite svoju sljede\u0107u avanturu!<\/span><\/h3>\n\n<\/div>\n<\/div>\n<\/div>\n<\/div>\n<\/div>\n<\/div>\n<p><\/p>\n<\/body>","protected":false},"excerpt":{"rendered":"<p>Nebo-Tours je kompanija za organizovanje putovanja i licencirani IATA tur operator Avio karte, smje\u0161taj (od hotela sa 3-4-5 zvjezdica, luksuznih vila do malih obiteljskih hotela, apartmana, smje\u0161taja kod ku\u0107e i ruralnog smje\u0161taja); konferencije i poticajna putovanja, paket aran\u017emani, transferi i [&hellip;]<\/p>\n","protected":false},"author":1,"featured_media":0,"parent":0,"menu_order":0,"comment_status":"closed","ping_status":"closed","template":"","meta":{"om_disable_all_campaigns":false,"footnotes":""},"class_list":["post-3149","page","type-page","status-publish","hentry"],"aioseo_notices":[],"_links":{"self":[{"href":"https:\/\/nebotours.ba\/index.php\/wp-json\/wp\/v2\/pages\/3149","targetHints":{"allow":["GET"]}}],"collection":[{"href":"https:\/\/nebotours.ba\/index.php\/wp-json\/wp\/v2\/pages"}],"about":[{"href":"https:\/\/nebotours.ba\/index.php\/wp-json\/wp\/v2\/types\/page"}],"author":[{"embeddable":true,"href":"https:\/\/nebotours.ba\/index.php\/wp-json\/wp\/v2\/users\/1"}],"replies":[{"embeddable":true,"href":"https:\/\/nebotours.ba\/index.php\/wp-json\/wp\/v2\/comments?post=3149"}],"version-history":[{"count":362,"href":"https:\/\/nebotours.ba\/index.php\/wp-json\/wp\/v2\/pages\/3149\/revisions"}],"predecessor-version":[{"id":6750,"href":"https:\/\/nebotours.ba\/index.php\/wp-json\/wp\/v2\/pages\/3149\/revisions\/6750"}],"wp:attachment":[{"href":"https:\/\/nebotours.ba\/index.php\/wp-json\/wp\/v2\/media?parent=3149"}],"curies":[{"name":"wp","href":"https:\/\/api.w.org\/{rel}","templated":true}]}}