{"id":4009,"date":"2021-05-30T11:39:31","date_gmt":"2021-05-30T11:39:31","guid":{"rendered":"http:\/\/nebotours.aha.ba\/?page_id=4009"},"modified":"2022-05-19T09:02:38","modified_gmt":"2022-05-19T09:02:38","slug":"avio-karte","status":"publish","type":"page","link":"https:\/\/nebotours.ba\/index.php\/avio-karte\/","title":{"rendered":"Avio karte"},"content":{"rendered":"<body><div class=\"one withsmallpadding ppb_contact_half_bg withbg parallax \" style=\"background-image:url(\/wp-content\/uploads\/2022\/02\/Flights.jpg);background-position: center top;padding:40px 0 40px 0;\">\n<div class=\"standard_wrapper\">\n<div class=\"page_content_wrapper\">\n<div class=\"inner\">\n<div class=\"one_half_bg floatright\" style=\"background:#ffffff;background:rgb(255,255,255,0.9);background:rgba(255,255,255,0.9);\" data-stellar-ratio=\"1.3\">\n<h2 class=\"ppb_title\" style=\"\">Avio karte<\/h2>\n<div class=\"ppb_header_content\">\n<p>Po\u010detak putovanja je onaj trenutak kada po\u017eelite negdje otputovati. Tada smo mi tu da prona\u0111emo najpovoljnije avio karte za Vas. Obratite nam se, jer mi smo ve\u0107 dugi niz godina vode\u0107a agencija po broju prodatih avio karata u Bosni i Hercegovini, a tim <strong>IATA<\/strong> i <strong>Amadeus<\/strong> licenciranih i specijalizovanih putni\u010dkih agenata osigurat \u0107e Va\u0161e sigurno i ugodno putovanje, po najpovoljnijim cijenama. <\/p>\n<p>Otkrijte neotkrivene destinacije, putujte onako kako \u017eelite.<\/p>\n<\/div>\n<div class=\"contact_form7_wrapper\">\n<div role=\"form\" class=\"wpcf7\" id=\"wpcf7-f6715-o1\" lang=\"en-US\" dir=\"ltr\">\n<div class=\"screen-reader-response\">\n<p role=\"status\" aria-live=\"polite\" aria-atomic=\"true\">\n<\/p><ul><\/ul>\n<\/div>\n<form action=\"\/wp-admin\/post.php#wpcf7-f6715-o1\" method=\"post\" class=\"wpcf7-form init\" novalidate=\"novalidate\" data-status=\"init\">\n<div style=\"display: none;\">\n<input type=\"hidden\" name=\"_wpcf7\" value=\"6715\"><br>\n<input type=\"hidden\" name=\"_wpcf7_version\" value=\"5.5.6.1\"><br>\n<input type=\"hidden\" name=\"_wpcf7_locale\" value=\"en_US\"><br>\n<input type=\"hidden\" name=\"_wpcf7_unit_tag\" value=\"wpcf7-f6715-o1\"><br>\n<input type=\"hidden\" name=\"_wpcf7_container_post\" value=\"0\"><br>\n<input type=\"hidden\" name=\"_wpcf7_posted_data_hash\" value=\"\">\n<\/div>\n<p><label> Va\u0161e ime<br>\n    <span class=\"wpcf7-form-control-wrap your-name\"><input type=\"text\" name=\"your-name\" value=\"\" size=\"40\" class=\"wpcf7-form-control wpcf7-text wpcf7-validates-as-required\" aria-required=\"true\" aria-invalid=\"false\"><\/span> <\/label><br>\n<label> Va\u0161a email adresa<br>\n    <span class=\"wpcf7-form-control-wrap your-email\"><input type=\"email\" name=\"your-email\" value=\"\" size=\"40\" class=\"wpcf7-form-control wpcf7-text wpcf7-email wpcf7-validates-as-required wpcf7-validates-as-email\" aria-required=\"true\" aria-invalid=\"false\"><\/span> <\/label><br>\n<label> Broj telefona<br>\n<span class=\"wpcf7-form-control-wrap tel-10\"><input type=\"tel\" name=\"tel-10\" value=\"\" size=\"40\" class=\"wpcf7-form-control wpcf7-text wpcf7-tel wpcf7-validates-as-required wpcf7-validates-as-tel\" aria-required=\"true\" aria-invalid=\"false\"><\/span> <\/label><br>\n<label> Va\u0161a poruka<br>\n    <span class=\"wpcf7-form-control-wrap textarea-10\"><textarea name=\"textarea-10\" cols=\"40\" rows=\"10\" class=\"wpcf7-form-control wpcf7-textarea wpcf7-validates-as-required contact-text-area\" aria-required=\"true\" aria-invalid=\"false\"><\/textarea><\/span> <\/label><br>\n<input type=\"submit\" value=\"Po\u0161aljite upit\" class=\"wpcf7-form-control has-spinner wpcf7-submit\"><\/p>\n<p style=\"display: none !important;\"><label>\u0394<textarea name=\"_wpcf7_ak_hp_textarea\" cols=\"45\" rows=\"8\" maxlength=\"100\"><\/textarea><\/label><input type=\"hidden\" id=\"ak_js_1\" name=\"_wpcf7_ak_js\" value=\"93\"><script>document.getElementById( \"ak_js_1\" ).setAttribute( \"value\", ( new Date() ).getTime() );<\/script><\/p>\n<div class=\"wpcf7-response-output\" aria-hidden=\"true\"><\/div>\n<\/form>\n<\/div>\n<\/div>\n<\/div>\n<\/div>\n<\/div>\n<\/div>\n<\/div>\n\n<\/body>","protected":false},"excerpt":{"rendered":"<p>Avio karte Po\u010detak putovanja je onaj trenutak kada po\u017eelite negdje otputovati. Tada smo mi tu da prona\u0111emo najpovoljnije avio karte za Vas. Obratite nam se, jer mi smo ve\u0107 dugi niz godina vode\u0107a agencija po broju prodatih avio karata u [&hellip;]<\/p>\n","protected":false},"author":1,"featured_media":0,"parent":0,"menu_order":0,"comment_status":"closed","ping_status":"closed","template":"","meta":{"om_disable_all_campaigns":false,"footnotes":""},"class_list":["post-4009","page","type-page","status-publish","hentry"],"aioseo_notices":[],"_links":{"self":[{"href":"https:\/\/nebotours.ba\/index.php\/wp-json\/wp\/v2\/pages\/4009","targetHints":{"allow":["GET"]}}],"collection":[{"href":"https:\/\/nebotours.ba\/index.php\/wp-json\/wp\/v2\/pages"}],"about":[{"href":"https:\/\/nebotours.ba\/index.php\/wp-json\/wp\/v2\/types\/page"}],"author":[{"embeddable":true,"href":"https:\/\/nebotours.ba\/index.php\/wp-json\/wp\/v2\/users\/1"}],"replies":[{"embeddable":true,"href":"https:\/\/nebotours.ba\/index.php\/wp-json\/wp\/v2\/comments?post=4009"}],"version-history":[{"count":67,"href":"https:\/\/nebotours.ba\/index.php\/wp-json\/wp\/v2\/pages\/4009\/revisions"}],"predecessor-version":[{"id":6716,"href":"https:\/\/nebotours.ba\/index.php\/wp-json\/wp\/v2\/pages\/4009\/revisions\/6716"}],"wp:attachment":[{"href":"https:\/\/nebotours.ba\/index.php\/wp-json\/wp\/v2\/media?parent=4009"}],"curies":[{"name":"wp","href":"https:\/\/api.w.org\/{rel}","templated":true}]}}