{"id":4024,"date":"2021-05-30T12:14:00","date_gmt":"2021-05-30T12:14:00","guid":{"rendered":"http:\/\/nebotours.aha.ba\/?page_id=4024"},"modified":"2022-05-19T21:20:53","modified_gmt":"2022-05-19T21:20:53","slug":"turska","status":"publish","type":"page","link":"https:\/\/nebotours.ba\/index.php\/turska\/","title":{"rendered":"Turska"},"content":{"rendered":"<body><p><\/p>\n<div class=\"one withsmallpadding ppb_content_half_bg withbg parallax \" style=\"background-image:url(\/wp-content\/uploads\/2022\/04\/turkey.jpg);background-position: center top;padding:90px 0 90px 0;\">\n<div class=\"standard_wrapper\">\n<div class=\"page_content_wrapper\">\n<div class=\"inner\">\n<div class=\"one_half_bg\" style=\"background:#ffffff;background:rgb(255,255,255,0.9);background:rgba(255,255,255,0.9);\" data-stellar-ratio=\"1.3\">\n<h2 class=\"ppb_title\" style=\"\">Turska<\/h2>\n<div class=\"page_tagline\" style=\"\">JEDNOSTAVNO \u2013 U\u017dIVANJE<\/div>\n<div class=\"ppb_header_content\">\n<p>Spoj istoka i zapada, hri\u0161\u0107anstava i islama, Evrope i Azije; zemlja iz koje su crna kafa i tulipani stigli u Evropu\u2026<\/p>\n<\/div>\n<\/div>\n<\/div>\n<\/div>\n<\/div>\n<\/div>\n<div class=\"one withsmallpadding\" style=\"padding:40px 0 40px 0;\">\n<div class=\"standard_wrapper\">\n<div class=\"page_content_wrapper\">\n<div class=\"inner\">\n<div class=\"inner_wrapper\">\n<div class=\"sidebar_content \">\n<p>Turska je zemlja zanimljivosti, ljepote, dobre hrane i potpunog u\u017eitka. <\/p>\n<p>Ona je spoj istoka i zapada, hri\u0161\u0107anstava i islama, Evrope i Azije.<\/p>\n<p>Zemlja iz koje su crna kafa i tulipani stigli u Evropu, u kojoj se govori 30 jezika.\n<\/p>\n<div style=\"width: 1450px\" class=\"wp-caption alignnone\"><img decoding=\"async\" loading=\"lazy\" class=\"size-full\" src=\"\/wp-content\/uploads\/2022\/01\/Turkey-Istanbul-1.jpg\" alt=\"Istanbul\" width=\"1440\" height=\"960\">\n<p class=\"wp-caption-text\"><em>Istanbul, Photo by <a href=\"https:\/\/unsplash.com\/@ervorocks?utm_source=unsplash&amp;utm_medium=referral&amp;utm_content=creditCopyText\">Ervo Rocks<\/a> on <a href=\"https:\/\/unsplash.com\/?utm_source=unsplash&amp;utm_medium=referral&amp;utm_content=creditCopyText\">Unsplash<\/a><\/em><\/p>\n<\/div>\n<p>Zemlja u kojoj se nalaze \u010dak dva od sedam svjetskih \u010duda, na \u010diju se planinu Ararat spustila Nojeva barka, u kojoj je Julije Cezar nakon pobjede nad Pontom izgovorio svoje \u010duvene rije\u010di \u201eVeni, Vidi, Vici\u201c (do\u0111oh, vidjeh, pobijedih)\u2026<\/p>\n<p><strong>Turska je destinacija koju morate posjetiti i kojoj \u0107ete se uvijek s nestrpljenjem vra\u0107ati.<\/strong><\/p>\n<\/div>\n<div class=\"sidebar_wrapper \">\n<div class=\"sidebar\">\n<div class=\"content\">\n<ul class=\"sidebar_widget\">\n<li id=\"block-14\" class=\"widget widget_block\">\n<div class=\"wp-block-contact-form-7-contact-form-selector\">\n<div role=\"form\" class=\"wpcf7\" id=\"wpcf7-f6691-o1\" lang=\"en-US\" dir=\"ltr\">\n<div class=\"screen-reader-response\">\n<p role=\"status\" aria-live=\"polite\" aria-atomic=\"true\">\n<\/p><ul><\/ul>\n<\/div>\n<form action=\"\/wp-admin\/post.php#wpcf7-f6691-o1\" method=\"post\" class=\"wpcf7-form init\" novalidate=\"novalidate\" data-status=\"init\">\n<div style=\"display: none;\">\n<input type=\"hidden\" name=\"_wpcf7\" value=\"6691\"><br>\n<input type=\"hidden\" name=\"_wpcf7_version\" value=\"5.5.6.1\"><br>\n<input type=\"hidden\" name=\"_wpcf7_locale\" value=\"en_US\"><br>\n<input type=\"hidden\" name=\"_wpcf7_unit_tag\" value=\"wpcf7-f6691-o1\"><br>\n<input type=\"hidden\" name=\"_wpcf7_container_post\" value=\"0\"><br>\n<input type=\"hidden\" name=\"_wpcf7_posted_data_hash\" value=\"\">\n<\/div>\n<h4>Po\u0161aljite upit<\/h4>\n<hr style=\"border-color: #ff4a52; margin-top: 12px;\">\n<p>Odaberite \u017eeljenu destinaciju iz kategorije Ljetovanje, ili nam po\u0161aljite destinaciju na koju \u017eelite, a mi \u0107emo, zajedno s Vama, kreirati plan putovanja za Va\u0161 odmor.<\/p>\n<p><label> Puno ime<br>\n    <span class=\"wpcf7-form-control-wrap your-name\"><input type=\"text\" name=\"your-name\" value=\"\" size=\"40\" class=\"wpcf7-form-control wpcf7-text wpcf7-validates-as-required\" aria-required=\"true\" aria-invalid=\"false\"><\/span> <\/label><br>\n<label> E-mail adresa<br>\n    <span class=\"wpcf7-form-control-wrap your-email\"><input type=\"email\" name=\"your-email\" value=\"\" size=\"40\" class=\"wpcf7-form-control wpcf7-text wpcf7-email wpcf7-validates-as-required wpcf7-validates-as-email\" aria-required=\"true\" aria-invalid=\"false\"><\/span> <\/label><br>\n<label> Broj telefona<br>\n<span class=\"wpcf7-form-control-wrap tel-90\"><input type=\"tel\" name=\"tel-90\" value=\"\" size=\"40\" class=\"wpcf7-form-control wpcf7-text wpcf7-tel wpcf7-validates-as-required wpcf7-validates-as-tel\" aria-required=\"true\" aria-invalid=\"false\"><\/span> <\/label><br>\n<label> Zainteresovani ste za<br>\n<span class=\"wpcf7-form-control-wrap menu-90\"><select name=\"menu-90\" class=\"wpcf7-form-control wpcf7-select\" id=\"interest-trip-summer\" aria-invalid=\"false\"><option value=\"Ljetovanje\">Ljetovanje<\/option><option value=\"Albanija\">Albanija<\/option><option value=\"Crna Gora\">Crna Gora<\/option><option value=\"Egipat\">Egipat<\/option><option value=\"Gr\u010dka\">Gr\u010dka<\/option><option value=\"Hrvatska\">Hrvatska<\/option><option value=\"Turska\">Turska<\/option><\/select><\/span> <\/label><br>\n<label> Poruka (unesite \u017eeljenu destinaciju)<br>\n<span class=\"wpcf7-form-control-wrap textarea-90\"><textarea name=\"textarea-90\" cols=\"40\" rows=\"10\" class=\"wpcf7-form-control wpcf7-textarea wpcf7-validates-as-required contact-text-area\" aria-required=\"true\" aria-invalid=\"false\"><\/textarea><\/span><\/label><br>\n<label> Broj osoba<br>\n<span class=\"wpcf7-form-control-wrap text-90\"><input type=\"text\" name=\"text-90\" value=\"\" size=\"40\" class=\"wpcf7-form-control wpcf7-text\" aria-invalid=\"false\" placeholder=\"1\"><\/span> <\/label><br>\n<input type=\"submit\" value=\"Po\u0161aljite upit\" class=\"wpcf7-form-control has-spinner wpcf7-submit\"><\/p>\n<p style=\"display: none !important;\"><label>\u0394<textarea name=\"_wpcf7_ak_hp_textarea\" cols=\"45\" rows=\"8\" maxlength=\"100\"><\/textarea><\/label><input type=\"hidden\" id=\"ak_js_1\" name=\"_wpcf7_ak_js\" value=\"195\"><script>document.getElementById( \"ak_js_1\" ).setAttribute( \"value\", ( new Date() ).getTime() );<\/script><\/p>\n<div class=\"wpcf7-response-output\" aria-hidden=\"true\"><\/div>\n<\/form>\n<\/div>\n<\/div>\n<\/li>\n<\/ul>\n<\/div>\n<\/div>\n<\/div>\n<\/div>\n<\/div>\n<\/div>\n<\/div>\n<\/div>\n<div class=\"one withsmallpadding ppb_text\" style=\"text-align:left;padding:0px 0 0px 0;margin-bottom:12px;\">\n<div class=\"standard_wrapper\">\n<div class=\"page_content_wrapper\">\n<div class=\"inner\">\n<div style=\"margin:auto;width:100%\"><strong>IZDVAJAMO DESTINACIJE<\/strong><\/div>\n<\/div>\n<\/div>\n<\/div>\n<\/div>\n<div id=\"turska\" class=\"ppb_destination_grid one nopadding \">\n<div class=\"page_content_wrapper page_main_content sidebar_content full_width fixed_column\">\n<div class=\"standard_wrapper\">\n<div id=\"16529952531358590534\" class=\"portfolio_filter_wrapper gallery grid portrait four_cols\" data-columns=\"4\">\n<div class=\"element grid baseline classic4_cols animated1\">\n<div class=\"one_fourth gallery4 grid static filterable portfolio_type themeborder\" style=\"background-image:url(https:\/\/nebotours.ba\/wp-content\/uploads\/2022\/05\/Pamukkale-700x466.jpg);\"><a class=\"tour_image\" href=\"https:\/\/nebotours.ba\/index.php\/destination\/termalni-hoteli-spa-i-wellness\/\"><\/a>\n<div class=\"portfolio_info_wrapper\">\n<div class=\"portfolio_info_content\">\n<h3>Termalni hoteli, SPA i Wellness<\/h3>\n<\/div>\n<\/div>\n<\/div>\n<\/div>\n<div class=\"element grid baseline classic4_cols animated2\">\n<div class=\"one_fourth gallery4 grid static filterable portfolio_type themeborder\" style=\"background-image:url(https:\/\/nebotours.ba\/wp-content\/uploads\/2021\/05\/Turska-Bodrum-01-700x466.jpg);\"><a class=\"tour_image\" href=\"https:\/\/nebotours.ba\/index.php\/destination\/bodrum\/\"><\/a>\n<div class=\"portfolio_info_wrapper\">\n<div class=\"portfolio_info_content\">\n<h3>Bodrum<\/h3>\n<\/div>\n<\/div>\n<\/div>\n<\/div>\n<div class=\"element grid baseline classic4_cols animated3\">\n<div class=\"one_fourth gallery4 grid static filterable portfolio_type themeborder\" style=\"background-image:url(https:\/\/nebotours.ba\/wp-content\/uploads\/2021\/05\/Turska-Antalya-700x466.jpg);\"><a class=\"tour_image\" href=\"https:\/\/nebotours.ba\/index.php\/destination\/antalya\/\"><\/a>\n<div class=\"portfolio_info_wrapper\">\n<div class=\"portfolio_info_content\">\n<h3>Antalya<\/h3>\n<\/div>\n<\/div>\n<\/div>\n<\/div>\n<\/div>\n<\/div>\n<\/div>\n<\/div>\n<p><\/p>\n<\/body>","protected":false},"excerpt":{"rendered":"<p>Turska JEDNOSTAVNO \u2013 U\u017dIVANJE Spoj istoka i zapada, hri\u0161\u0107anstava i islama, Evrope i Azije; zemlja iz koje su crna kafa i tulipani stigli u Evropu\u2026 Turska je zemlja zanimljivosti, ljepote, dobre hrane i potpunog u\u017eitka. Ona je spoj istoka i [&hellip;]<\/p>\n","protected":false},"author":1,"featured_media":0,"parent":0,"menu_order":0,"comment_status":"closed","ping_status":"closed","template":"","meta":{"om_disable_all_campaigns":false,"footnotes":""},"class_list":["post-4024","page","type-page","status-publish","hentry"],"aioseo_notices":[],"_links":{"self":[{"href":"https:\/\/nebotours.ba\/index.php\/wp-json\/wp\/v2\/pages\/4024","targetHints":{"allow":["GET"]}}],"collection":[{"href":"https:\/\/nebotours.ba\/index.php\/wp-json\/wp\/v2\/pages"}],"about":[{"href":"https:\/\/nebotours.ba\/index.php\/wp-json\/wp\/v2\/types\/page"}],"author":[{"embeddable":true,"href":"https:\/\/nebotours.ba\/index.php\/wp-json\/wp\/v2\/users\/1"}],"replies":[{"embeddable":true,"href":"https:\/\/nebotours.ba\/index.php\/wp-json\/wp\/v2\/comments?post=4024"}],"version-history":[{"count":43,"href":"https:\/\/nebotours.ba\/index.php\/wp-json\/wp\/v2\/pages\/4024\/revisions"}],"predecessor-version":[{"id":6751,"href":"https:\/\/nebotours.ba\/index.php\/wp-json\/wp\/v2\/pages\/4024\/revisions\/6751"}],"wp:attachment":[{"href":"https:\/\/nebotours.ba\/index.php\/wp-json\/wp\/v2\/media?parent=4024"}],"curies":[{"name":"wp","href":"https:\/\/api.w.org\/{rel}","templated":true}]}}