{"id":4173,"date":"2021-07-27T21:29:00","date_gmt":"2021-07-27T21:29:00","guid":{"rendered":"http:\/\/nebotours.aha.ba\/?page_id=4173"},"modified":"2022-04-10T09:09:10","modified_gmt":"2022-04-10T09:09:10","slug":"o-nama","status":"publish","type":"page","link":"https:\/\/nebotours.ba\/index.php\/o-nama\/","title":{"rendered":"O nama"},"content":{"rendered":"<body><div class=\"one withsmallpadding ppb_header_youtube withbg parallax\" style=\"text-align:left;padding:30px 0 30px 0;\">\n<div class=\"overlay_background\" style=\"background:#000000;background:rgb(0,0,0,1);background:rgba(0,0,0,1);\"><\/div>\n<div class=\"standard_wrapper\">\n<div class=\"page_content_wrapper\">\n<div class=\"inner\">\n<div style=\"margin:auto;width:100%\">\n<h2 class=\"ppb_title\" style=\"\">Nebo-Tours je kompanija za organizovanje putovanja i licencirani IATA tur operator koji svojim klijentima pru\u017ea niz usluga.<\/h2>\n<\/div>\n<\/div>\n<\/div>\n<\/div>\n<\/div>\n<div class=\"one withsmallpadding ppb_header \" style=\"text-align:left;padding:30px 0 30px 0;\">\n<div class=\"standard_wrapper\">\n<div class=\"page_content_wrapper\">\n<div class=\"inner\">\n<div style=\"margin:auto;width:100%\">\n<div class=\"ppb_header_content\">\n<p>Iako je Nebo-Tours relativno nova agencija u Bosni i Hercegovini (osnovana u maju 2008.) \u2013 uspje\u0161no se razvila od male turisti\u010dke organizacije koja se prvenstveno bavila prodajom avio karata do jedne od najboljih korporativnih turisti\u010dkih organizacija u Bosni i Hercegovini.<\/p>\n<\/div>\n<\/div>\n<\/div>\n<\/div>\n<\/div>\n<\/div>\n<div class=\"one withsmallpadding ppb_header \" style=\"text-align:left;padding:30px 0 30px 0;\">\n<div class=\"standard_wrapper\">\n<div class=\"page_content_wrapper\">\n<div class=\"inner\">\n<div style=\"margin:auto;width:100%\">\n<h2 class=\"ppb_title\" style=\"\">Korporativna putovanja<\/h2>\n<div class=\"ppb_header_content\">\n<div class=\"one_half \" style=\"\">Korporativna putovanja \u010dine dominantan udio u cjelokupnom turisti\u010dkom poslovanju na\u0161e kompanije. Upravljamo bud\u017eetima za putovanja nekoliko velikih nacionalnih i multinacionalnih kompanija. Na\u0161 veliki obim poslovanja omogu\u0107ava nam da efikasno upravljamo putnim bud\u017eetima nekoliko multinacionalnih kompanija i multinacionalnih banaka u njihovu korist. Na\u0161a kompanija pru\u017ea integrirano upravljanje putovanjima \/ savjetodavne usluge za vi\u0161e od 50 korporacija.\n<p>Na\u0161e podru\u017enice specijalizirane su za sprovo\u0111enje procedura putovanja po mjeri za svaku kompaniju, \u010dime se vr\u0161e zna\u010dajne u\u0161tede.<\/p>\n<p>Na osnovu zahtjeva i obima poslovanja, korporativni klijenti se uslu\u017euju ili tako \u0161to imaju posve\u0107en tim za odnose koji redovno posje\u0107uje ured klijenta ili ima posve\u0107enog i stru\u010dnog konsultanta za putovanja s centraliziranim sistemom rezervacija koji se nalazi na lokaciji klijenta kao \u201eimplantat\u201c.<\/p>\n<\/div>\n<div class=\"one_half last \" style=\"\">\nNa\u0161a kompanija pru\u017ea kupcima kompletan set proizvoda za sve njihove potrebe putovanja:\n<ul style=\"margin-left: 40px\">\n<li>Rezervacije avionskih karata<\/li>\n<li>Hotelske rezervacije<\/li>\n<li>Servise na destinaciji koji uklju\u010duju razgledanje, rent-a-car, transfere itd.<\/li>\n<li>Viza usluge<\/li>\n<li>Konfrencija \/ Incentive tour aran\u017emani<\/li>\n<li>Zamjena deviza<\/li>\n<li>Osiguranje<\/li>\n<\/ul>\n<\/div>\n<p><br class=\"clear\"><\/p>\n<\/div>\n<\/div>\n<\/div>\n<\/div>\n<\/div>\n<\/div>\n<div class=\"one withsmallpadding ppb_header \" style=\"text-align:left;padding:30px 0 30px 0;\">\n<div class=\"standard_wrapper\">\n<div class=\"page_content_wrapper\">\n<div class=\"inner\">\n<div style=\"margin:auto;width:100%\">\n<h2 class=\"ppb_title\" style=\"\">Avanturisti\u010dka putovanja<\/h2>\n<div class=\"ppb_header_content\">\n<p>Nudimo inovativni program paket aran\u017emana (u trajanju od jednodnevnih izleta do 14 dana unaprijed organizovanih i prilago\u0111enih tura) s ciljem preprodaje putem internet stranica za avanturisti\u010dki turizam, veletrgovaca putovanja, regionalnih i me\u0111unarodnih turisti\u010dkih agencija. Odjel je razvio itinerere koji se kre\u0107u od lakih do izazovnih i imaju razli\u010dite kombinacije kulturnih\/prirodnih aktivnosti.<br>\nOsoblje zaposleno u agenciji ima iskustvo u radu u me\u0111unarodnim organizacijama, sa dr\u017eavnim i lokalnim vlastima, implementacionim partnerima i timovima tehni\u010dke pomo\u0107i. Imamo znanje, iskustvo i prave cijene!<\/p>\n<\/div>\n<\/div>\n<\/div>\n<\/div>\n<\/div>\n<\/div>\n<div class=\"one withsmallpadding ppb_contact_half_bg \" style=\"padding:30px 0 30px 0;\">\n<div class=\"standard_wrapper\">\n<div class=\"page_content_wrapper\">\n<div class=\"inner\">\n<div class=\"one_half_bg floatright\" style=\"background:#000000;background:rgb(0,0,0,1);background:rgba(0,0,0,1);\">\n<h2 class=\"ppb_title\" style=\"\">Kontaktirajte nas<\/h2>\n<div class=\"contact_form7_wrapper\"><p class=\"wpcf7-contact-form-not-found\"><strong>Error:<\/strong> Contact form not found.<\/p><\/div>\n<\/div>\n<\/div>\n<\/div>\n<\/div>\n<\/div>\n\n<\/body>","protected":false},"excerpt":{"rendered":"<p>Nebo-Tours je kompanija za organizovanje putovanja i licencirani IATA tur operator koji svojim klijentima pru\u017ea niz usluga. Iako je Nebo-Tours relativno nova agencija u Bosni i Hercegovini (osnovana u maju 2008.) \u2013 uspje\u0161no se razvila od male turisti\u010dke organizacije koja [&hellip;]<\/p>\n","protected":false},"author":1,"featured_media":0,"parent":0,"menu_order":0,"comment_status":"closed","ping_status":"closed","template":"","meta":{"om_disable_all_campaigns":false,"footnotes":""},"class_list":["post-4173","page","type-page","status-publish","hentry"],"aioseo_notices":[],"_links":{"self":[{"href":"https:\/\/nebotours.ba\/index.php\/wp-json\/wp\/v2\/pages\/4173","targetHints":{"allow":["GET"]}}],"collection":[{"href":"https:\/\/nebotours.ba\/index.php\/wp-json\/wp\/v2\/pages"}],"about":[{"href":"https:\/\/nebotours.ba\/index.php\/wp-json\/wp\/v2\/types\/page"}],"author":[{"embeddable":true,"href":"https:\/\/nebotours.ba\/index.php\/wp-json\/wp\/v2\/users\/1"}],"replies":[{"embeddable":true,"href":"https:\/\/nebotours.ba\/index.php\/wp-json\/wp\/v2\/comments?post=4173"}],"version-history":[{"count":95,"href":"https:\/\/nebotours.ba\/index.php\/wp-json\/wp\/v2\/pages\/4173\/revisions"}],"predecessor-version":[{"id":6069,"href":"https:\/\/nebotours.ba\/index.php\/wp-json\/wp\/v2\/pages\/4173\/revisions\/6069"}],"wp:attachment":[{"href":"https:\/\/nebotours.ba\/index.php\/wp-json\/wp\/v2\/media?parent=4173"}],"curies":[{"name":"wp","href":"https:\/\/api.w.org\/{rel}","templated":true}]}}