{"id":4226,"date":"2021-09-27T23:12:56","date_gmt":"2021-09-27T23:12:56","guid":{"rendered":"http:\/\/nebotours.aha.ba\/?page_id=4226"},"modified":"2022-05-18T22:44:07","modified_gmt":"2022-05-18T22:44:07","slug":"egipat","status":"publish","type":"page","link":"https:\/\/nebotours.ba\/index.php\/egipat\/","title":{"rendered":"Egipat"},"content":{"rendered":"<body><p><\/p>\n<div class=\"one withsmallpadding ppb_content_half_bg withbg parallax \" style=\"background-image:url(\/wp-content\/uploads\/2022\/04\/egypt.jpg);background-position: center top;padding:90px 0 90px 0;\">\n<div class=\"standard_wrapper\">\n<div class=\"page_content_wrapper\">\n<div class=\"inner\">\n<div class=\"one_half_bg\" style=\"background:#ffffff;background:rgb(255,255,255,0.9);background:rgba(255,255,255,0.9);\" data-stellar-ratio=\"1.3\">\n<h2 class=\"ppb_title\" style=\"\">Egipat<\/h2>\n<div class=\"ppb_header_content\">\n<p>Zemlja faraona i jedna od najpo\u017eeljnijih svjetskih destinacija, posjetitelje o\u010darava svojom dugom i slavnom pro\u0161lo\u0161\u0107u i ostacima neponovljivog kulturnog naslje\u0111a. <\/p>\n<\/div>\n<\/div>\n<\/div>\n<\/div>\n<\/div>\n<\/div>\n<div class=\"one withsmallpadding\" style=\"padding:40px 0 40px 0;\">\n<div class=\"standard_wrapper\">\n<div class=\"page_content_wrapper\">\n<div class=\"inner\">\n<div class=\"inner_wrapper\">\n<div class=\"sidebar_content \">\n<p>Pored veli\u010danstvenih piramida u Gizi, kraljevskog Luksora i Aleksandrije, Egipat se isti\u010de beskona\u010dnim pje\u0161\u010danim pla\u017eama, modernim hotelima i prekrasnim krstarenjima po Nilu.<\/p>\n<p>Savr\u0161ena je destinacija za obiteljske, romanti\u010dne i aktivne odmore.<\/p>\n<p>Nau\u010dite se cjenkati prije nego \u0161to krenete u Egipat, jer Egipat je raj za \u0161opingholi\u010dare: \u0107ilimi, egipatski pamuk, probrani za\u010dini, ko\u017eni proizvodi, razni antikviteti, lon\u010darija i nakit, a nakon uzbudljive kupovine odmorite se uz kafu, \u010daj, sok od \u0161e\u0107erne trske i slatkog korijena, te falafel, ful ili koshary.<\/p>\n<div class=\"aha-images-container\">\n<div class=\"one_third \" style=\"\">\n<div style=\"width: 1450px\" class=\"wp-caption alignnone\"><img decoding=\"async\" loading=\"lazy\" class=\"size-full\" src=\"\/wp-content\/uploads\/2022\/02\/Egypt-2-scaled.jpg\" alt=\"Dahab, Saint Catherine, Egypt\" width=\"1440\" height=\"960\">\n<p class=\"wp-caption-text\"><em>Dahab, Saint Catherine, Egypt by <a href=\"https:\/\/unsplash.com\/@bahr_splash?utm_source=unsplash&amp;utm_medium=referral&amp;utm_content=creditCopyText\">Abdelrahman Ismail<\/a> on <a href=\"https:\/\/unsplash.com\/?utm_source=unsplash&amp;utm_medium=referral&amp;utm_content=creditCopyText\">Unsplash<\/a><\/em><\/p>\n<\/div>\n<\/div>\n<div class=\"one_third \" style=\"\"><\/div>\n<\/div>\n<\/div>\n<div class=\"sidebar_wrapper \">\n<div class=\"sidebar\">\n<div class=\"content\">\n<ul class=\"sidebar_widget\">\n<li id=\"text-11\" class=\"widget widget_text\">\n<h2 class=\"widgettitle\">Po\u0161aljite upit<\/h2>\n<div class=\"textwidget\">\n<div role=\"form\" class=\"wpcf7\" id=\"wpcf7-f6691-o1\" lang=\"en-US\" dir=\"ltr\">\n<div class=\"screen-reader-response\">\n<p role=\"status\" aria-live=\"polite\" aria-atomic=\"true\">\n<\/p><ul><\/ul>\n<\/div>\n<form action=\"\/wp-admin\/post.php#wpcf7-f6691-o1\" method=\"post\" class=\"wpcf7-form init\" novalidate=\"novalidate\" data-status=\"init\">\n<div style=\"display: none;\">\n<input type=\"hidden\" name=\"_wpcf7\" value=\"6691\"><br>\n<input type=\"hidden\" name=\"_wpcf7_version\" value=\"5.5.6.1\"><br>\n<input type=\"hidden\" name=\"_wpcf7_locale\" value=\"en_US\"><br>\n<input type=\"hidden\" name=\"_wpcf7_unit_tag\" value=\"wpcf7-f6691-o1\"><br>\n<input type=\"hidden\" name=\"_wpcf7_container_post\" value=\"0\"><br>\n<input type=\"hidden\" name=\"_wpcf7_posted_data_hash\" value=\"\">\n<\/div>\n<p><label> Puno ime<br>\n    <span class=\"wpcf7-form-control-wrap your-name\"><input type=\"text\" name=\"your-name\" value=\"\" size=\"40\" class=\"wpcf7-form-control wpcf7-text wpcf7-validates-as-required\" aria-required=\"true\" aria-invalid=\"false\"><\/span> <\/label><\/p>\n<p><label> E-mail adresa<br>\n    <span class=\"wpcf7-form-control-wrap your-email\"><input type=\"email\" name=\"your-email\" value=\"\" size=\"40\" class=\"wpcf7-form-control wpcf7-text wpcf7-email wpcf7-validates-as-required wpcf7-validates-as-email\" aria-required=\"true\" aria-invalid=\"false\"><\/span> <\/label><\/p>\n<p><label> Broj telefona<br>\n<span class=\"wpcf7-form-control-wrap tel-729\"><input type=\"tel\" name=\"tel-729\" value=\"\" size=\"40\" class=\"wpcf7-form-control wpcf7-text wpcf7-tel wpcf7-validates-as-required wpcf7-validates-as-tel\" aria-required=\"true\" aria-invalid=\"false\"><\/span> <\/label><\/p>\n<p><label> Zainteresovani ste za<br>\n<span class=\"wpcf7-form-control-wrap menu-607\"><select name=\"menu-607\" class=\"wpcf7-form-control wpcf7-select\" id=\"interest-trip-summer\" aria-invalid=\"false\"><option value=\"Ljetovanja\">Ljetovanja<\/option><option value=\"Albanija\">Albanija<\/option><option value=\"Crna Gora\">Crna Gora<\/option><option value=\"Egipat\">Egipat<\/option><option value=\"Gr\u010dka\">Gr\u010dka<\/option><option value=\"Hrvatska\">Hrvatska<\/option><option value=\"Turska\">Turska<\/option><\/select><\/span> <\/label><br>\n<label> Poruka (unesite \u017eeljenu destinaciju)<br>\n<span class=\"wpcf7-form-control-wrap textarea-265\"><textarea name=\"textarea-265\" cols=\"40\" rows=\"10\" class=\"wpcf7-form-control wpcf7-textarea wpcf7-validates-as-required contact-text-area\" aria-required=\"true\" aria-invalid=\"false\"><\/textarea><\/span><\/label><\/p>\n<p><label> Broj osoba<br>\n<span class=\"wpcf7-form-control-wrap text-237\"><input type=\"text\" name=\"text-237\" value=\"\" size=\"40\" class=\"wpcf7-form-control wpcf7-text\" aria-invalid=\"false\" placeholder=\"1\"><\/span> <\/label><\/p>\n<p><input type=\"submit\" value=\"Po\u0161aljite upit\" class=\"wpcf7-form-control has-spinner wpcf7-submit\"><\/p>\n<p style=\"display: none !important;\"><label>\u0394<textarea name=\"_wpcf7_ak_hp_textarea\" cols=\"45\" rows=\"8\" maxlength=\"100\"><\/textarea><\/label><input type=\"hidden\" id=\"ak_js_1\" name=\"_wpcf7_ak_js\" value=\"151\"><script>document.getElementById( \"ak_js_1\" ).setAttribute( \"value\", ( new Date() ).getTime() );<\/script><\/p>\n<div class=\"wpcf7-response-output\" aria-hidden=\"true\"><\/div>\n<\/form>\n<\/div>\n<\/div>\n<\/li>\n<\/ul>\n<\/div>\n<\/div>\n<\/div>\n<\/div>\n<\/div>\n<\/div>\n<\/div>\n<\/div>\n<div class=\"one withsmallpadding ppb_text\" style=\"text-align:left;padding:0px 0 0px 0;\">\n<div class=\"standard_wrapper\">\n<div class=\"page_content_wrapper\">\n<div class=\"inner\">\n<div style=\"margin:auto;width:100%\">\n<p><strong>IZDVAJAMO DESTINACIJE<\/strong><\/p>\n<\/div>\n<\/div>\n<\/div>\n<\/div>\n<\/div>\n<div class=\"ppb_destination_grid one nopadding \">\n<div class=\"page_content_wrapper page_main_content sidebar_content full_width fixed_column\">\n<div class=\"standard_wrapper\">\n<div id=\"16529138471972919730\" class=\"portfolio_filter_wrapper gallery grid portrait four_cols\" data-columns=\"4\">\n<div class=\"element grid baseline classic4_cols animated1\">\n<div class=\"one_fourth gallery4 grid static filterable portfolio_type themeborder\" style=\"background-image:url(http:\/\/nebotours.aha.ba\/wp-content\/uploads\/2021\/05\/Egipat-Hurghada-3-700x466.jpg);\"><a class=\"tour_image\" href=\"http:\/\/nebotours.aha.ba\/index.php\/destination\/hurgada\/\"><\/a>\n<div class=\"portfolio_info_wrapper\">\n<div class=\"portfolio_info_content\">\n<h3>Hurgada<\/h3>\n<\/div>\n<\/div>\n<\/div>\n<\/div>\n<\/div>\n<\/div>\n<\/div>\n<\/div>\n<p><\/p>\n<\/body>","protected":false},"excerpt":{"rendered":"<p>Egipat Zemlja faraona i jedna od najpo\u017eeljnijih svjetskih destinacija, posjetitelje o\u010darava svojom dugom i slavnom pro\u0161lo\u0161\u0107u i ostacima neponovljivog kulturnog naslje\u0111a. Pored veli\u010danstvenih piramida u Gizi, kraljevskog Luksora i Aleksandrije, Egipat se isti\u010de beskona\u010dnim pje\u0161\u010danim pla\u017eama, modernim hotelima i prekrasnim [&hellip;]<\/p>\n","protected":false},"author":1,"featured_media":0,"parent":0,"menu_order":0,"comment_status":"closed","ping_status":"closed","template":"","meta":{"om_disable_all_campaigns":false,"footnotes":""},"class_list":["post-4226","page","type-page","status-publish","hentry"],"aioseo_notices":[],"_links":{"self":[{"href":"https:\/\/nebotours.ba\/index.php\/wp-json\/wp\/v2\/pages\/4226","targetHints":{"allow":["GET"]}}],"collection":[{"href":"https:\/\/nebotours.ba\/index.php\/wp-json\/wp\/v2\/pages"}],"about":[{"href":"https:\/\/nebotours.ba\/index.php\/wp-json\/wp\/v2\/types\/page"}],"author":[{"embeddable":true,"href":"https:\/\/nebotours.ba\/index.php\/wp-json\/wp\/v2\/users\/1"}],"replies":[{"embeddable":true,"href":"https:\/\/nebotours.ba\/index.php\/wp-json\/wp\/v2\/comments?post=4226"}],"version-history":[{"count":47,"href":"https:\/\/nebotours.ba\/index.php\/wp-json\/wp\/v2\/pages\/4226\/revisions"}],"predecessor-version":[{"id":6697,"href":"https:\/\/nebotours.ba\/index.php\/wp-json\/wp\/v2\/pages\/4226\/revisions\/6697"}],"wp:attachment":[{"href":"https:\/\/nebotours.ba\/index.php\/wp-json\/wp\/v2\/media?parent=4226"}],"curies":[{"name":"wp","href":"https:\/\/api.w.org\/{rel}","templated":true}]}}