{"id":4231,"date":"2021-09-27T23:16:46","date_gmt":"2021-09-27T23:16:46","guid":{"rendered":"http:\/\/nebotours.aha.ba\/?page_id=4231"},"modified":"2022-05-19T20:51:49","modified_gmt":"2022-05-19T20:51:49","slug":"albanija","status":"publish","type":"page","link":"https:\/\/nebotours.ba\/index.php\/albanija\/","title":{"rendered":"Albanija"},"content":{"rendered":"<body><p><\/p>\n<div class=\"one withsmallpadding ppb_content_half_bg withbg parallax \" style=\"background-image:url(\/wp-content\/uploads\/2021\/05\/Albanija-Ksamil.jpg);background-position: center top;padding:90px 0 90px 0;\">\n<div class=\"standard_wrapper\">\n<div class=\"page_content_wrapper\">\n<div class=\"inner\">\n<div class=\"one_half_bg floatright\" style=\"background:#ffffff;background:rgb(255,255,255,1);background:rgba(255,255,255,1);\" data-stellar-ratio=\"1.3\">\n<h2 class=\"ppb_title\" style=\"\">Albanija<\/h2>\n<div class=\"page_tagline\" style=\"\">NOVA MEDITERANSKA LJUBAV<\/div>\n<div class=\"ppb_header_content\">\n<p>Vreva na ulicama, nagla\u0161ena gostoprimljivost, zanimljiva gastronomska ponuda, neobi\u010dna arhitektura s fasadama jarkih boja kao i brojne prirodne ljepote \u010dine danas ovaj dio Albanije, ali i sam Dra\u010d, jednom od najatraktivnijih turisti\u010dkih destinacija na Balkanu koju treba do\u017eivjeti u njenoj autenti\u010dnoj svakodnevnici.<\/p>\n<\/div>\n<\/div>\n<\/div>\n<\/div>\n<\/div>\n<\/div>\n<div class=\"one withsmallpadding\" style=\"padding:40px 0 40px 0;\">\n<div class=\"standard_wrapper\">\n<div class=\"page_content_wrapper\">\n<div class=\"inner\">\n<div class=\"inner_wrapper\">\n<div class=\"sidebar_content \">\n<p><strong>Albanija \u2013 tajanstvena zemlja JI Europe, zvana i Zemlja orlova.<\/strong><\/p>\n<p>Po staroj narodnoj pri\u010di je drevni albanski kralj spasio mladog orla od smrti. Odrasli orli su ga po\u010deli \u010dastiti i tako su orlovi postali simbol Albanije.<\/p>\n<p>Povijest Albanije se\u017ee daleko u pro\u0161lost. Albanci su potomci Ilira, kojih u Europi skoro vi\u0161e nema. Od Turaka su preuzeli muslimansku vjeru i \u017eivjeli nekoliko stolje\u0107a u okviru Otomanskog imperija. Zadnjih 25 godina se zemlja otvara proti zapadu, poku\u0161a uhvatiti niti razvoja (ima velike zalihe razli\u010ditih ruda, \u0161ume i dobre uvjete za poljoprivredu), a dr\u017eava je postala zanimljiva i za turiste.<\/p>\n<div class=\"emphasized_container\">\n<div class=\"emphasized_title\">\nZa\u0161to s nama u Albaniju?<\/div>\n<ul>\n<li>Albanske pla\u017ee su duge i pje\u0161\u010dane, iznimno privla\u010dne i skoro prazne<\/li>\n<li>U unutra\u0161njosti su netaknute \u0161ume i predivna planinska priroda, koja nudi beskona\u010dne \u0161etnje<\/li>\n<li>Sela u Albaniji su takva, kao da smo se vratili s vremeplovom u doba starog vijeka. Zanimljiva su i tri jezera \u2013 <strong>Prospansko<\/strong>, <strong>Ohridsko<\/strong> i <strong>Skadarsko<\/strong>, koja po ljeti omogu\u0107uju ugodno kupanje<\/li>\n<li><strong>Berat<\/strong> \u2013 srednjovjekovno mjesto s tisu\u0107ama prozor\u010di\u0107a, muzeja na otvorenom, gdje je vrijeme stalo<\/li>\n<li><strong>Tirana<\/strong>, grad u kojem se mije\u0161aju tradicija i moderna arhitektura, mlada prijestolnica, gdje \u0107ete na\u0107i \u010dak i Mc\u2019 Donalds<\/li>\n<li><strong>Apolonia<\/strong> \u2013 stari gr\u010dki grad, kojega su osnovali Grci iz Korintu<\/li>\n<\/ul>\n<\/div>\n<div class=\"one_half \" style=\"\">\nDva mora \u2013 Jadransko i Jonsko, preko 400 km gotovo netaknute obale, pje\u0161\u010dane, nezaga\u0111ene pla\u017ee, prijatna mediteranska klima, kulturno istorijske vrijednosti, moderni hoteli, samo su neki od razloga za sve ve\u0107e interesovanje turista za ljetovanje u Albaniji.\n<p>U posljednjih nekoliko godina je du\u017e albanske obale izgra\u0111eno vi\u0161e od 150 modernih hotela, rekonstruisan zna\u010dajan dio saobra\u0107ajne, drumske mre\u017ee, a multikulturalnost ovog podneblja, gostoljubivost doma\u0107ina i odgovaraju\u0107a vizija razvoja \u0107e zasigurno postaviti Albaniju na zna\u010dajnije mjesto na turisti\u010dkoj mapi Evrope, prije svega, kada je u pitanju izbor destinacije za ljetovanje.<\/p>\n<p>Predla\u017eemo Vam da i ovog ljeta otkrijete ne\u0161to novo i svoj komad mira i u\u017eivanja prona\u0111ete na nekoj od pla\u017ea Dra\u010da, Ksamila ili Sarande.\n<\/p>\n<\/div>\n<div class=\"one_half last \" style=\"\">\n<img decoding=\"async\" loading=\"lazy\" class=\"alignnone size-medium\" src=\"\/wp-content\/uploads\/2021\/09\/Albanija-243x300.jpg\" alt=\"\" width=\"100%\" height=\"auto\">\n<\/div>\n<p><br class=\"clear\"><\/p>\n<\/div>\n<div class=\"sidebar_wrapper \">\n<div class=\"sidebar\">\n<div class=\"content\">\n<ul class=\"sidebar_widget\">\n<li id=\"block-14\" class=\"widget widget_block\">\n<div class=\"wp-block-contact-form-7-contact-form-selector\">\n<div role=\"form\" class=\"wpcf7\" id=\"wpcf7-f6691-o1\" lang=\"en-US\" dir=\"ltr\">\n<div class=\"screen-reader-response\">\n<p role=\"status\" aria-live=\"polite\" aria-atomic=\"true\">\n<\/p><ul><\/ul>\n<\/div>\n<form action=\"\/wp-admin\/post.php#wpcf7-f6691-o1\" method=\"post\" class=\"wpcf7-form init\" novalidate=\"novalidate\" data-status=\"init\">\n<div style=\"display: none;\">\n<input type=\"hidden\" name=\"_wpcf7\" value=\"6691\"><br>\n<input type=\"hidden\" name=\"_wpcf7_version\" value=\"5.5.6.1\"><br>\n<input type=\"hidden\" name=\"_wpcf7_locale\" value=\"en_US\"><br>\n<input type=\"hidden\" name=\"_wpcf7_unit_tag\" value=\"wpcf7-f6691-o1\"><br>\n<input type=\"hidden\" name=\"_wpcf7_container_post\" value=\"0\"><br>\n<input type=\"hidden\" name=\"_wpcf7_posted_data_hash\" value=\"\">\n<\/div>\n<h4>Po\u0161aljite upit<\/h4>\n<hr style=\"border-color: #ff4a52; margin-top: 12px;\">\n<p>Odaberite \u017eeljenu destinaciju iz kategorije Ljetovanje, ili nam po\u0161aljite destinaciju na koju \u017eelite, a mi \u0107emo, zajedno s Vama, kreirati plan putovanja za Va\u0161 odmor.<\/p>\n<p><label> Puno ime<br>\n    <span class=\"wpcf7-form-control-wrap your-name\"><input type=\"text\" name=\"your-name\" value=\"\" size=\"40\" class=\"wpcf7-form-control wpcf7-text wpcf7-validates-as-required\" aria-required=\"true\" aria-invalid=\"false\"><\/span> <\/label><br>\n<label> E-mail adresa<br>\n    <span class=\"wpcf7-form-control-wrap your-email\"><input type=\"email\" name=\"your-email\" value=\"\" size=\"40\" class=\"wpcf7-form-control wpcf7-text wpcf7-email wpcf7-validates-as-required wpcf7-validates-as-email\" aria-required=\"true\" aria-invalid=\"false\"><\/span> <\/label><br>\n<label> Broj telefona<br>\n<span class=\"wpcf7-form-control-wrap tel-90\"><input type=\"tel\" name=\"tel-90\" value=\"\" size=\"40\" class=\"wpcf7-form-control wpcf7-text wpcf7-tel wpcf7-validates-as-required wpcf7-validates-as-tel\" aria-required=\"true\" aria-invalid=\"false\"><\/span> <\/label><br>\n<label> Zainteresovani ste za<br>\n<span class=\"wpcf7-form-control-wrap menu-90\"><select name=\"menu-90\" class=\"wpcf7-form-control wpcf7-select\" id=\"interest-trip-summer\" aria-invalid=\"false\"><option value=\"Ljetovanje\">Ljetovanje<\/option><option value=\"Albanija\">Albanija<\/option><option value=\"Crna Gora\">Crna Gora<\/option><option value=\"Egipat\">Egipat<\/option><option value=\"Gr\u010dka\">Gr\u010dka<\/option><option value=\"Hrvatska\">Hrvatska<\/option><option value=\"Turska\">Turska<\/option><\/select><\/span> <\/label><br>\n<label> Poruka (unesite \u017eeljenu destinaciju)<br>\n<span class=\"wpcf7-form-control-wrap textarea-90\"><textarea name=\"textarea-90\" cols=\"40\" rows=\"10\" class=\"wpcf7-form-control wpcf7-textarea wpcf7-validates-as-required contact-text-area\" aria-required=\"true\" aria-invalid=\"false\"><\/textarea><\/span><\/label><br>\n<label> Broj osoba<br>\n<span class=\"wpcf7-form-control-wrap text-90\"><input type=\"text\" name=\"text-90\" value=\"\" size=\"40\" class=\"wpcf7-form-control wpcf7-text\" aria-invalid=\"false\" placeholder=\"1\"><\/span> <\/label><br>\n<input type=\"submit\" value=\"Po\u0161aljite upit\" class=\"wpcf7-form-control has-spinner wpcf7-submit\"><\/p>\n<p style=\"display: none !important;\"><label>\u0394<textarea name=\"_wpcf7_ak_hp_textarea\" cols=\"45\" rows=\"8\" maxlength=\"100\"><\/textarea><\/label><input type=\"hidden\" id=\"ak_js_1\" name=\"_wpcf7_ak_js\" value=\"64\"><script>document.getElementById( \"ak_js_1\" ).setAttribute( \"value\", ( new Date() ).getTime() );<\/script><\/p>\n<div class=\"wpcf7-response-output\" aria-hidden=\"true\"><\/div>\n<\/form>\n<\/div>\n<\/div>\n<\/li>\n<\/ul>\n<\/div>\n<\/div>\n<\/div>\n<\/div>\n<\/div>\n<\/div>\n<\/div>\n<\/div>\n<div class=\"standard_wrapper\">\n<div class=\"ppb_three_cols_images one\" style=\"padding:40px 0 40px 0;\">\n<div class=\"page_content_wrapper\">\n<div class=\"inner\">\n<div class=\"one_third\">\n<div class=\"image_classic_frame expand\">\n<div class=\"image_wrapper\"><a href=\"\/wp-content\/uploads\/2021\/09\/Albanija-Vlora.jpg\" class=\"img_frame\"><img decoding=\"async\" src=\"\/wp-content\/uploads\/2021\/09\/Albanija-Vlora.jpg\" alt=\"\" class=\"portfolio_img\" loading=\"lazy\"><\/a><\/div>\n<\/div>\n<\/div>\n<div class=\"one_third\">\n<div class=\"image_classic_frame expand\">\n<div class=\"image_wrapper\"><a href=\"\/wp-content\/uploads\/2021\/09\/Albanija-Ksamil_02.jpg\" class=\"img_frame\"><img decoding=\"async\" src=\"\/wp-content\/uploads\/2021\/09\/Albanija-Ksamil_02.jpg\" alt=\"\" class=\"portfolio_img\" loading=\"lazy\"><\/a><\/div>\n<\/div>\n<\/div>\n<div class=\"one_third last\">\n<div class=\"image_classic_frame\">\n<div class=\"image_wrapper\"><a href=\"\/wp-content\/uploads\/2021\/05\/Albanija-Saranda-02.jpg\" class=\"img_frame\"><img decoding=\"async\" src=\"\/wp-content\/uploads\/2021\/05\/Albanija-Saranda-02.jpg\" alt=\"\" class=\"portfolio_img\" loading=\"lazy\"><\/a><\/div>\n<\/div>\n<\/div>\n<\/div>\n<\/div>\n<\/div>\n<\/div>\n<p><\/p>\n<\/body>","protected":false},"excerpt":{"rendered":"<p>Albanija NOVA MEDITERANSKA LJUBAV Vreva na ulicama, nagla\u0161ena gostoprimljivost, zanimljiva gastronomska ponuda, neobi\u010dna arhitektura s fasadama jarkih boja kao i brojne prirodne ljepote \u010dine danas ovaj dio Albanije, ali i sam Dra\u010d, jednom od najatraktivnijih turisti\u010dkih destinacija na Balkanu koju [&hellip;]<\/p>\n","protected":false},"author":1,"featured_media":0,"parent":0,"menu_order":0,"comment_status":"closed","ping_status":"closed","template":"","meta":{"om_disable_all_campaigns":false,"footnotes":""},"class_list":["post-4231","page","type-page","status-publish","hentry"],"aioseo_notices":[],"_links":{"self":[{"href":"https:\/\/nebotours.ba\/index.php\/wp-json\/wp\/v2\/pages\/4231","targetHints":{"allow":["GET"]}}],"collection":[{"href":"https:\/\/nebotours.ba\/index.php\/wp-json\/wp\/v2\/pages"}],"about":[{"href":"https:\/\/nebotours.ba\/index.php\/wp-json\/wp\/v2\/types\/page"}],"author":[{"embeddable":true,"href":"https:\/\/nebotours.ba\/index.php\/wp-json\/wp\/v2\/users\/1"}],"replies":[{"embeddable":true,"href":"https:\/\/nebotours.ba\/index.php\/wp-json\/wp\/v2\/comments?post=4231"}],"version-history":[{"count":99,"href":"https:\/\/nebotours.ba\/index.php\/wp-json\/wp\/v2\/pages\/4231\/revisions"}],"predecessor-version":[{"id":6733,"href":"https:\/\/nebotours.ba\/index.php\/wp-json\/wp\/v2\/pages\/4231\/revisions\/6733"}],"wp:attachment":[{"href":"https:\/\/nebotours.ba\/index.php\/wp-json\/wp\/v2\/media?parent=4231"}],"curies":[{"name":"wp","href":"https:\/\/api.w.org\/{rel}","templated":true}]}}