{"id":4292,"date":"2021-09-28T00:14:29","date_gmt":"2021-09-28T00:14:29","guid":{"rendered":"http:\/\/nebotours.aha.ba\/?page_id=4292"},"modified":"2022-05-19T21:05:36","modified_gmt":"2022-05-19T21:05:36","slug":"hrvatska","status":"publish","type":"page","link":"https:\/\/nebotours.ba\/index.php\/hrvatska\/","title":{"rendered":"Hrvatska"},"content":{"rendered":"<body><p><\/p>\n<div class=\"one withsmallpadding ppb_content_half_bg withbg parallax \" style=\"background-image:url(\/wp-content\/uploads\/2021\/09\/Hrvatski-otoci.jpg);background-position: center top;padding:90px 0 90px 0;\">\n<div class=\"standard_wrapper\">\n<div class=\"page_content_wrapper\">\n<div class=\"inner\">\n<div class=\"one_half_bg\" style=\"background:#ffffff;background:rgb(255,255,255,1);background:rgba(255,255,255,1);\" data-stellar-ratio=\"1.3\">\n<h2 class=\"ppb_title\" style=\"\">Hrvatska<\/h2>\n<div class=\"page_tagline\" style=\"\">PUNA \u017dIVOTA<\/div>\n<div class=\"ppb_header_content\">\n<p>U svakom kutku Hrvatske i njenih 1185 ostrva, u svakom godi\u0161njem dobu, mogu\u0107e je prona\u0107i pri\u010du koja \u0107e Vam do\u010darati posebnost ove mediteranske zemlje.<\/p>\n<\/div>\n<\/div>\n<\/div>\n<\/div>\n<\/div>\n<\/div>\n<div class=\"one withsmallpadding\" style=\"padding:40px 0 40px 0;\">\n<div class=\"standard_wrapper\">\n<div class=\"page_content_wrapper\">\n<div class=\"inner\">\n<div class=\"inner_wrapper\">\n<div class=\"sidebar_content \">\n<p>Neovisno o tome odaberete li gradske pla\u017ee poput Banje u Dubrovniku, pla\u017ee na osami poput onih koje kriju otoci Kor\u010dula i pjeskovito Lastovo, \u0161ljun\u010dane pla\u017ee poput one u Brelima ili opu\u0161taju\u0107e poput onih na otoku Visu, prepune \u017eivota poput onih na Pagu ili pla\u017ee savr\u0161ene za surfere kakve nudi Bra\u010d, Hrvatska krije spektakularne pla\u017ee koje \u0107e zadovoljiti obitelji, nudiste i one \u017eeljne netaknute prirode.<\/p>\n<p>Obala joj je razu\u0111ena, sa mno\u0161tvom uvala, ostrva i ostrvaca, a more je kristalno \u010disto pa je idealna za krstarenja i sve oblike sporta i rekreacije na moru i pod morem.<\/p>\n<p>Ova jedinstvena zemlja, iako povr\u0161inom mala, na svojoj teritoriji objedinjuje mnoge razli\u010ditosti i te\u0161ko ju je smjestiti u jedan okvir ili je precizno definisati kao mediteransku ili evropsku zemlju.<\/p>\n<p><img decoding=\"async\" loading=\"lazy\" src=\"\/wp-content\/uploads\/2021\/09\/Hrvatska-Dubrovnik.jpg\" alt=\"Dubrovnik\" width=\"100%\" height=\"auto\" class=\"alignnone size-medium wp-image-4296\"><\/p>\n<p>U arhitekturi, kulturi \u017eivljenja pa \u010dak i gastronomiji vide se razli\u010diti slojevi i uticaji niza kultura koje su se u hiljadugodi\u0161njem nizu smjenjivale i stapale na ovim prostorima.<\/p>\n<\/div>\n<div class=\"sidebar_wrapper \">\n<div class=\"sidebar\">\n<div class=\"content\">\n<ul class=\"sidebar_widget\">\n<li id=\"block-14\" class=\"widget widget_block\">\n<div class=\"wp-block-contact-form-7-contact-form-selector\">\n<div role=\"form\" class=\"wpcf7\" id=\"wpcf7-f6691-o1\" lang=\"en-US\" dir=\"ltr\">\n<div class=\"screen-reader-response\">\n<p role=\"status\" aria-live=\"polite\" aria-atomic=\"true\">\n<\/p><ul><\/ul>\n<\/div>\n<form action=\"\/wp-admin\/post.php#wpcf7-f6691-o1\" method=\"post\" class=\"wpcf7-form init\" novalidate=\"novalidate\" data-status=\"init\">\n<div style=\"display: none;\">\n<input type=\"hidden\" name=\"_wpcf7\" value=\"6691\"><br>\n<input type=\"hidden\" name=\"_wpcf7_version\" value=\"5.5.6.1\"><br>\n<input type=\"hidden\" name=\"_wpcf7_locale\" value=\"en_US\"><br>\n<input type=\"hidden\" name=\"_wpcf7_unit_tag\" value=\"wpcf7-f6691-o1\"><br>\n<input type=\"hidden\" name=\"_wpcf7_container_post\" value=\"0\"><br>\n<input type=\"hidden\" name=\"_wpcf7_posted_data_hash\" value=\"\">\n<\/div>\n<h4>Po\u0161aljite upit<\/h4>\n<hr style=\"border-color: #ff4a52; margin-top: 12px;\">\n<p>Odaberite \u017eeljenu destinaciju iz kategorije Ljetovanje, ili nam po\u0161aljite destinaciju na koju \u017eelite, a mi \u0107emo, zajedno s Vama, kreirati plan putovanja za Va\u0161 odmor.<\/p>\n<p><label> Puno ime<br>\n    <span class=\"wpcf7-form-control-wrap your-name\"><input type=\"text\" name=\"your-name\" value=\"\" size=\"40\" class=\"wpcf7-form-control wpcf7-text wpcf7-validates-as-required\" aria-required=\"true\" aria-invalid=\"false\"><\/span> <\/label><br>\n<label> E-mail adresa<br>\n    <span class=\"wpcf7-form-control-wrap your-email\"><input type=\"email\" name=\"your-email\" value=\"\" size=\"40\" class=\"wpcf7-form-control wpcf7-text wpcf7-email wpcf7-validates-as-required wpcf7-validates-as-email\" aria-required=\"true\" aria-invalid=\"false\"><\/span> <\/label><br>\n<label> Broj telefona<br>\n<span class=\"wpcf7-form-control-wrap tel-90\"><input type=\"tel\" name=\"tel-90\" value=\"\" size=\"40\" class=\"wpcf7-form-control wpcf7-text wpcf7-tel wpcf7-validates-as-required wpcf7-validates-as-tel\" aria-required=\"true\" aria-invalid=\"false\"><\/span> <\/label><br>\n<label> Zainteresovani ste za<br>\n<span class=\"wpcf7-form-control-wrap menu-90\"><select name=\"menu-90\" class=\"wpcf7-form-control wpcf7-select\" id=\"interest-trip-summer\" aria-invalid=\"false\"><option value=\"Ljetovanje\">Ljetovanje<\/option><option value=\"Albanija\">Albanija<\/option><option value=\"Crna Gora\">Crna Gora<\/option><option value=\"Egipat\">Egipat<\/option><option value=\"Gr\u010dka\">Gr\u010dka<\/option><option value=\"Hrvatska\">Hrvatska<\/option><option value=\"Turska\">Turska<\/option><\/select><\/span> <\/label><br>\n<label> Poruka (unesite \u017eeljenu destinaciju)<br>\n<span class=\"wpcf7-form-control-wrap textarea-90\"><textarea name=\"textarea-90\" cols=\"40\" rows=\"10\" class=\"wpcf7-form-control wpcf7-textarea wpcf7-validates-as-required contact-text-area\" aria-required=\"true\" aria-invalid=\"false\"><\/textarea><\/span><\/label><br>\n<label> Broj osoba<br>\n<span class=\"wpcf7-form-control-wrap text-90\"><input type=\"text\" name=\"text-90\" value=\"\" size=\"40\" class=\"wpcf7-form-control wpcf7-text\" aria-invalid=\"false\" placeholder=\"1\"><\/span> <\/label><br>\n<input type=\"submit\" value=\"Po\u0161aljite upit\" class=\"wpcf7-form-control has-spinner wpcf7-submit\"><\/p>\n<p style=\"display: none !important;\"><label>\u0394<textarea name=\"_wpcf7_ak_hp_textarea\" cols=\"45\" rows=\"8\" maxlength=\"100\"><\/textarea><\/label><input type=\"hidden\" id=\"ak_js_1\" name=\"_wpcf7_ak_js\" value=\"50\"><script>document.getElementById( \"ak_js_1\" ).setAttribute( \"value\", ( new Date() ).getTime() );<\/script><\/p>\n<div class=\"wpcf7-response-output\" aria-hidden=\"true\"><\/div>\n<\/form>\n<\/div>\n<\/div>\n<\/li>\n<\/ul>\n<\/div>\n<\/div>\n<\/div>\n<\/div>\n<\/div>\n<\/div>\n<\/div>\n<\/div>\n<div class=\"standard_wrapper\">\n<div class=\"ppb_three_cols_images one\" style=\"padding:40px 0 40px 0;\">\n<div class=\"page_content_wrapper\">\n<div class=\"inner\">\n<div class=\"one_third\">\n<div class=\"image_classic_frame expand\">\n<div class=\"image_wrapper\"><a href=\"\/wp-content\/uploads\/2021\/09\/Hrvatska-Split.jpg\" class=\"img_frame\"><img decoding=\"async\" src=\"\/wp-content\/uploads\/2021\/09\/Hrvatska-Split.jpg\" alt=\"\" class=\"portfolio_img\" loading=\"lazy\"><\/a><\/div>\n<\/div>\n<\/div>\n<div class=\"one_third\">\n<div class=\"image_classic_frame expand\">\n<div class=\"image_wrapper\"><a href=\"\/wp-content\/uploads\/2021\/09\/Hrvatska-Makarska.jpg\" class=\"img_frame\"><img decoding=\"async\" src=\"\/wp-content\/uploads\/2021\/09\/Hrvatska-Makarska.jpg\" alt=\"\" class=\"portfolio_img\" loading=\"lazy\"><\/a><\/div>\n<\/div>\n<\/div>\n<div class=\"one_third last\">\n<div class=\"image_classic_frame\">\n<div class=\"image_wrapper\"><a href=\"\/wp-content\/uploads\/2021\/09\/Hrvatska.jpg\" class=\"img_frame\"><img decoding=\"async\" src=\"\/wp-content\/uploads\/2021\/09\/Hrvatska.jpg\" alt=\"\" class=\"portfolio_img\" loading=\"lazy\"><\/a><\/div>\n<\/div>\n<\/div>\n<\/div>\n<\/div>\n<\/div>\n<\/div>\n<p><\/p>\n<\/body>","protected":false},"excerpt":{"rendered":"<p>Hrvatska PUNA \u017dIVOTA U svakom kutku Hrvatske i njenih 1185 ostrva, u svakom godi\u0161njem dobu, mogu\u0107e je prona\u0107i pri\u010du koja \u0107e Vam do\u010darati posebnost ove mediteranske zemlje. Neovisno o tome odaberete li gradske pla\u017ee poput Banje u Dubrovniku, pla\u017ee na [&hellip;]<\/p>\n","protected":false},"author":1,"featured_media":0,"parent":0,"menu_order":0,"comment_status":"closed","ping_status":"closed","template":"","meta":{"om_disable_all_campaigns":false,"footnotes":""},"class_list":["post-4292","page","type-page","status-publish","hentry"],"aioseo_notices":[],"_links":{"self":[{"href":"https:\/\/nebotours.ba\/index.php\/wp-json\/wp\/v2\/pages\/4292","targetHints":{"allow":["GET"]}}],"collection":[{"href":"https:\/\/nebotours.ba\/index.php\/wp-json\/wp\/v2\/pages"}],"about":[{"href":"https:\/\/nebotours.ba\/index.php\/wp-json\/wp\/v2\/types\/page"}],"author":[{"embeddable":true,"href":"https:\/\/nebotours.ba\/index.php\/wp-json\/wp\/v2\/users\/1"}],"replies":[{"embeddable":true,"href":"https:\/\/nebotours.ba\/index.php\/wp-json\/wp\/v2\/comments?post=4292"}],"version-history":[{"count":48,"href":"https:\/\/nebotours.ba\/index.php\/wp-json\/wp\/v2\/pages\/4292\/revisions"}],"predecessor-version":[{"id":6741,"href":"https:\/\/nebotours.ba\/index.php\/wp-json\/wp\/v2\/pages\/4292\/revisions\/6741"}],"wp:attachment":[{"href":"https:\/\/nebotours.ba\/index.php\/wp-json\/wp\/v2\/media?parent=4292"}],"curies":[{"name":"wp","href":"https:\/\/api.w.org\/{rel}","templated":true}]}}