{"id":4672,"date":"2022-01-30T17:14:10","date_gmt":"2022-01-30T17:14:10","guid":{"rendered":"http:\/\/nebotours.aha.ba\/?page_id=4672"},"modified":"2022-05-19T10:03:23","modified_gmt":"2022-05-19T10:03:23","slug":"mice","status":"publish","type":"page","link":"https:\/\/nebotours.ba\/index.php\/mice\/","title":{"rendered":"MICE"},"content":{"rendered":"<body><div class=\"one withsmallpadding ppb_contact_half_bg withbg parallax \" style=\"background-image:url(\/wp-content\/uploads\/2022\/04\/MICE.jpg);background-position: center top;padding:40px 0 40px 0;\">\n<div class=\"standard_wrapper\">\n<div class=\"page_content_wrapper\">\n<div class=\"inner\">\n<div class=\"one_half_bg\" style=\"background:#ffffff;background:rgb(255,255,255,0.9);background:rgba(255,255,255,0.9);\" data-stellar-ratio=\"1.3\">\n<h2 class=\"ppb_title\" style=\"\">MICE<\/h2>\n<div class=\"ppb_header_content\">\n<p>\u017delite li profesionalnu organizaciju kongresa, poslovnih doga\u0111aja, simpozija ili seminara? Uz to vam je potrebna i moderna tehni\u010dka oprema, organizacija izleta i aktivnosti na lokaciji po va\u0161oj \u017eelji? <\/p>\n<p>Prepustite na\u0161em iskusnom i posve\u0107enom timu profesionalaca kompletnu organizaciju va\u0161eg doga\u0111anja, a vi se bez nepotrebnog izlaganja stresu usmjerite na svoju primarnu djelatnost. <\/p>\n<p>Zajedno kreiramo doga\u0111anja za pam\u0107enje.<\/p>\n<\/div>\n<div class=\"contact_form7_wrapper\">\n<div role=\"form\" class=\"wpcf7\" id=\"wpcf7-f6723-o1\" lang=\"en-US\" dir=\"ltr\">\n<div class=\"screen-reader-response\">\n<p role=\"status\" aria-live=\"polite\" aria-atomic=\"true\">\n<\/p><ul><\/ul>\n<\/div>\n<form action=\"\/wp-admin\/post.php#wpcf7-f6723-o1\" method=\"post\" class=\"wpcf7-form init\" novalidate=\"novalidate\" data-status=\"init\">\n<div style=\"display: none;\">\n<input type=\"hidden\" name=\"_wpcf7\" value=\"6723\"><br>\n<input type=\"hidden\" name=\"_wpcf7_version\" value=\"5.5.6.1\"><br>\n<input type=\"hidden\" name=\"_wpcf7_locale\" value=\"en_US\"><br>\n<input type=\"hidden\" name=\"_wpcf7_unit_tag\" value=\"wpcf7-f6723-o1\"><br>\n<input type=\"hidden\" name=\"_wpcf7_container_post\" value=\"0\"><br>\n<input type=\"hidden\" name=\"_wpcf7_posted_data_hash\" value=\"\">\n<\/div>\n<p><label> Va\u0161e ime<br>\n    <span class=\"wpcf7-form-control-wrap your-name\"><input type=\"text\" name=\"your-name\" value=\"\" size=\"40\" class=\"wpcf7-form-control wpcf7-text wpcf7-validates-as-required\" aria-required=\"true\" aria-invalid=\"false\"><\/span> <\/label><br>\n<label> Va\u0161a email adresa<br>\n    <span class=\"wpcf7-form-control-wrap your-email\"><input type=\"email\" name=\"your-email\" value=\"\" size=\"40\" class=\"wpcf7-form-control wpcf7-text wpcf7-email wpcf7-validates-as-required wpcf7-validates-as-email\" aria-required=\"true\" aria-invalid=\"false\"><\/span> <\/label><br>\n<label> Broj telefona<br>\n<span class=\"wpcf7-form-control-wrap tel-60\"><input type=\"tel\" name=\"tel-60\" value=\"\" size=\"40\" class=\"wpcf7-form-control wpcf7-text wpcf7-tel wpcf7-validates-as-required wpcf7-validates-as-tel\" aria-required=\"true\" aria-invalid=\"false\"><\/span> <\/label><br>\n<label> Va\u0161a poruka<br>\n    <span class=\"wpcf7-form-control-wrap textarea-60\"><textarea name=\"textarea-60\" cols=\"40\" rows=\"10\" class=\"wpcf7-form-control wpcf7-textarea wpcf7-validates-as-required contact-text-area\" aria-required=\"true\" aria-invalid=\"false\"><\/textarea><\/span> <\/label><br>\n<input type=\"submit\" value=\"Po\u0161aljite upit\" class=\"wpcf7-form-control has-spinner wpcf7-submit\"><\/p>\n<p style=\"display: none !important;\"><label>\u0394<textarea name=\"_wpcf7_ak_hp_textarea\" cols=\"45\" rows=\"8\" maxlength=\"100\"><\/textarea><\/label><input type=\"hidden\" id=\"ak_js_1\" name=\"_wpcf7_ak_js\" value=\"139\"><script>document.getElementById( \"ak_js_1\" ).setAttribute( \"value\", ( new Date() ).getTime() );<\/script><\/p>\n<div class=\"wpcf7-response-output\" aria-hidden=\"true\"><\/div>\n<\/form>\n<\/div>\n<\/div>\n<\/div>\n<\/div>\n<\/div>\n<\/div>\n<\/div>\n\n<\/body>","protected":false},"excerpt":{"rendered":"<p>MICE \u017delite li profesionalnu organizaciju kongresa, poslovnih doga\u0111aja, simpozija ili seminara? Uz to vam je potrebna i moderna tehni\u010dka oprema, organizacija izleta i aktivnosti na lokaciji po va\u0161oj \u017eelji? Prepustite na\u0161em iskusnom i posve\u0107enom timu profesionalaca kompletnu organizaciju va\u0161eg doga\u0111anja, [&hellip;]<\/p>\n","protected":false},"author":1,"featured_media":0,"parent":0,"menu_order":0,"comment_status":"closed","ping_status":"closed","template":"","meta":{"om_disable_all_campaigns":false,"footnotes":""},"class_list":["post-4672","page","type-page","status-publish","hentry"],"aioseo_notices":[],"_links":{"self":[{"href":"https:\/\/nebotours.ba\/index.php\/wp-json\/wp\/v2\/pages\/4672","targetHints":{"allow":["GET"]}}],"collection":[{"href":"https:\/\/nebotours.ba\/index.php\/wp-json\/wp\/v2\/pages"}],"about":[{"href":"https:\/\/nebotours.ba\/index.php\/wp-json\/wp\/v2\/types\/page"}],"author":[{"embeddable":true,"href":"https:\/\/nebotours.ba\/index.php\/wp-json\/wp\/v2\/users\/1"}],"replies":[{"embeddable":true,"href":"https:\/\/nebotours.ba\/index.php\/wp-json\/wp\/v2\/comments?post=4672"}],"version-history":[{"count":14,"href":"https:\/\/nebotours.ba\/index.php\/wp-json\/wp\/v2\/pages\/4672\/revisions"}],"predecessor-version":[{"id":6724,"href":"https:\/\/nebotours.ba\/index.php\/wp-json\/wp\/v2\/pages\/4672\/revisions\/6724"}],"wp:attachment":[{"href":"https:\/\/nebotours.ba\/index.php\/wp-json\/wp\/v2\/media?parent=4672"}],"curies":[{"name":"wp","href":"https:\/\/api.w.org\/{rel}","templated":true}]}}