{"id":4717,"date":"2022-01-30T21:16:11","date_gmt":"2022-01-30T21:16:11","guid":{"rendered":"http:\/\/nebotours.aha.ba\/?page_id=4717"},"modified":"2022-05-19T20:58:25","modified_gmt":"2022-05-19T20:58:25","slug":"crna-gora","status":"publish","type":"page","link":"https:\/\/nebotours.ba\/index.php\/crna-gora\/","title":{"rendered":"Crna Gora"},"content":{"rendered":"<body><p><\/p>\n<div class=\"one withsmallpadding ppb_content_half_bg withbg parallax \" style=\"background-image:url(\/wp-content\/uploads\/2022\/04\/montenegro.jpg);background-position: center top;padding:90px 0 90px 0;\">\n<div class=\"standard_wrapper\">\n<div class=\"page_content_wrapper\">\n<div class=\"inner\">\n<div class=\"one_half_bg\" style=\"background:#ffffff;background:rgb(255,255,255,0.9);background:rgba(255,255,255,0.9);\" data-stellar-ratio=\"1.3\">\n<h2 class=\"ppb_title\" style=\"\">Crna Gora<\/h2>\n<div class=\"page_tagline\" style=\"\">DIVLJA LJEPOTA<\/div>\n<div class=\"ppb_header_content\">\n<p>Kvalitet vode, salinitet, boja i temperatura mora \u010dine ovaj deo Jadranske obale jednostavno neodoljivim za turiste iz cijelog svijeta!<\/p>\n<\/div>\n<\/div>\n<\/div>\n<\/div>\n<\/div>\n<\/div>\n<div class=\"one withsmallpadding\" style=\"padding:40px 0 40px 0;\">\n<div class=\"standard_wrapper\">\n<div class=\"page_content_wrapper\">\n<div class=\"inner\">\n<div class=\"inner_wrapper\">\n<div class=\"sidebar_content \">\n<p><strong>Crna Gora je jedna od najatraktivnijih turisti\u010dkih zemalja u svijetu!<\/strong><\/p>\n<p>Najpoznatiji je svakako ljetni turizam. Razlog tome je nevjerovatno Jadransko more. Kvalitet vode, salinitet, boja i temperatura mora \u010dine ovaj deo Jadranske obale jednostavno neodoljivim za turiste iz cijelog svijeta!<\/p>\n<div style=\"width: 1450px\" class=\"wp-caption alignnone\"><img decoding=\"async\" loading=\"lazy\" class=\"size-full\" src=\"\/wp-content\/uploads\/2022\/01\/Montenegro-City-of-Kotor-1-scaled.jpg\" alt=\"Kotor\" width=\"1440\" height=\"960\">\n<p class=\"wp-caption-text\"><em>Kotor \u2013 Photo by <a href=\"https:\/\/unsplash.com\/@bato8?utm_source=unsplash&amp;utm_medium=referral&amp;utm_content=creditCopyText\">Dragisa Braunovic<\/a> on <a href=\"https:\/\/unsplash.com\/?utm_source=unsplash&amp;utm_medium=referral&amp;utm_content=creditCopyText\">Unsplash<\/a><\/em><\/p>\n<\/div>\n<p>Primorje i planine, zbog me\u0111usobne blizine, do\u017eivljavaju se kao cjelina, \u0161to se mo\u017ee okarakterisati kao glavna prednost Crne Gore u bogatoj turisti\u010dkoj ponudi me\u0111u konkurencijom na ovom tr\u017ei\u0161tu.<\/p>\n\n<div style=\"width: 1450px\" class=\"wp-caption alignnone\"><img decoding=\"async\" loading=\"lazy\" class=\"size-full\" src=\"\/wp-content\/uploads\/2022\/01\/Montenegro-Lake-Skadar-scaled.jpg\" alt=\"Skadarsko jezero\" width=\"1440\" height=\"960\">\n<p class=\"wp-caption-text\"><em>Skadarsko jezero \u2013 Photo by <a href=\"https:\/\/unsplash.com\/@boudewijnboer?utm_source=unsplash&amp;utm_medium=referral&amp;utm_content=creditCopyText\">Boudewijn Boer<\/a> on <a href=\"https:\/\/unsplash.com\/?utm_source=unsplash&amp;utm_medium=referral&amp;utm_content=creditCopyText\">Unsplash<\/a><\/em><\/p>\n<\/div>\n<p>\nUz sve druge prednosti, klima, sli\u010dna onoj na Sardiniji, Azurnoj obali ili Majorki, \u010dini jedan od odlu\u010duju\u0107ih preduslova za uspje\u0161ni razvoj turizma.\n<\/p><\/div>\n<div class=\"sidebar_wrapper \">\n<div class=\"sidebar\">\n<div class=\"content\">\n<ul class=\"sidebar_widget\">\n<li id=\"block-14\" class=\"widget widget_block\">\n<div class=\"wp-block-contact-form-7-contact-form-selector\">\n<div role=\"form\" class=\"wpcf7\" id=\"wpcf7-f6691-o1\" lang=\"en-US\" dir=\"ltr\">\n<div class=\"screen-reader-response\">\n<p role=\"status\" aria-live=\"polite\" aria-atomic=\"true\">\n<\/p><ul><\/ul>\n<\/div>\n<form action=\"\/wp-admin\/post.php#wpcf7-f6691-o1\" method=\"post\" class=\"wpcf7-form init\" novalidate=\"novalidate\" data-status=\"init\">\n<div style=\"display: none;\">\n<input type=\"hidden\" name=\"_wpcf7\" value=\"6691\"><br>\n<input type=\"hidden\" name=\"_wpcf7_version\" value=\"5.5.6.1\"><br>\n<input type=\"hidden\" name=\"_wpcf7_locale\" value=\"en_US\"><br>\n<input type=\"hidden\" name=\"_wpcf7_unit_tag\" value=\"wpcf7-f6691-o1\"><br>\n<input type=\"hidden\" name=\"_wpcf7_container_post\" value=\"0\"><br>\n<input type=\"hidden\" name=\"_wpcf7_posted_data_hash\" value=\"\">\n<\/div>\n<h4>Po\u0161aljite upit<\/h4>\n<hr style=\"border-color: #ff4a52; margin-top: 12px;\">\n<p>Odaberite \u017eeljenu destinaciju iz kategorije Ljetovanje, ili nam po\u0161aljite destinaciju na koju \u017eelite, a mi \u0107emo, zajedno s Vama, kreirati plan putovanja za Va\u0161 odmor.<\/p>\n<p><label> Puno ime<br>\n    <span class=\"wpcf7-form-control-wrap your-name\"><input type=\"text\" name=\"your-name\" value=\"\" size=\"40\" class=\"wpcf7-form-control wpcf7-text wpcf7-validates-as-required\" aria-required=\"true\" aria-invalid=\"false\"><\/span> <\/label><br>\n<label> E-mail adresa<br>\n    <span class=\"wpcf7-form-control-wrap your-email\"><input type=\"email\" name=\"your-email\" value=\"\" size=\"40\" class=\"wpcf7-form-control wpcf7-text wpcf7-email wpcf7-validates-as-required wpcf7-validates-as-email\" aria-required=\"true\" aria-invalid=\"false\"><\/span> <\/label><br>\n<label> Broj telefona<br>\n<span class=\"wpcf7-form-control-wrap tel-90\"><input type=\"tel\" name=\"tel-90\" value=\"\" size=\"40\" class=\"wpcf7-form-control wpcf7-text wpcf7-tel wpcf7-validates-as-required wpcf7-validates-as-tel\" aria-required=\"true\" aria-invalid=\"false\"><\/span> <\/label><br>\n<label> Zainteresovani ste za<br>\n<span class=\"wpcf7-form-control-wrap menu-90\"><select name=\"menu-90\" class=\"wpcf7-form-control wpcf7-select\" id=\"interest-trip-summer\" aria-invalid=\"false\"><option value=\"Ljetovanje\">Ljetovanje<\/option><option value=\"Albanija\">Albanija<\/option><option value=\"Crna Gora\">Crna Gora<\/option><option value=\"Egipat\">Egipat<\/option><option value=\"Gr\u010dka\">Gr\u010dka<\/option><option value=\"Hrvatska\">Hrvatska<\/option><option value=\"Turska\">Turska<\/option><\/select><\/span> <\/label><br>\n<label> Poruka (unesite \u017eeljenu destinaciju)<br>\n<span class=\"wpcf7-form-control-wrap textarea-90\"><textarea name=\"textarea-90\" cols=\"40\" rows=\"10\" class=\"wpcf7-form-control wpcf7-textarea wpcf7-validates-as-required contact-text-area\" aria-required=\"true\" aria-invalid=\"false\"><\/textarea><\/span><\/label><br>\n<label> Broj osoba<br>\n<span class=\"wpcf7-form-control-wrap text-90\"><input type=\"text\" name=\"text-90\" value=\"\" size=\"40\" class=\"wpcf7-form-control wpcf7-text\" aria-invalid=\"false\" placeholder=\"1\"><\/span> <\/label><br>\n<input type=\"submit\" value=\"Po\u0161aljite upit\" class=\"wpcf7-form-control has-spinner wpcf7-submit\"><\/p>\n<p style=\"display: none !important;\"><label>\u0394<textarea name=\"_wpcf7_ak_hp_textarea\" cols=\"45\" rows=\"8\" maxlength=\"100\"><\/textarea><\/label><input type=\"hidden\" id=\"ak_js_1\" name=\"_wpcf7_ak_js\" value=\"247\"><script>document.getElementById( \"ak_js_1\" ).setAttribute( \"value\", ( new Date() ).getTime() );<\/script><\/p>\n<div class=\"wpcf7-response-output\" aria-hidden=\"true\"><\/div>\n<\/form>\n<\/div>\n<\/div>\n<\/li>\n<\/ul>\n<\/div>\n<\/div>\n<\/div>\n<\/div>\n<\/div>\n<\/div>\n<\/div>\n<\/div>\n<p><\/p>\n<\/body>","protected":false},"excerpt":{"rendered":"<p>Crna Gora DIVLJA LJEPOTA Kvalitet vode, salinitet, boja i temperatura mora \u010dine ovaj deo Jadranske obale jednostavno neodoljivim za turiste iz cijelog svijeta! Crna Gora je jedna od najatraktivnijih turisti\u010dkih zemalja u svijetu! Najpoznatiji je svakako ljetni turizam. Razlog tome [&hellip;]<\/p>\n","protected":false},"author":1,"featured_media":0,"parent":0,"menu_order":0,"comment_status":"closed","ping_status":"closed","template":"","meta":{"om_disable_all_campaigns":false,"footnotes":""},"class_list":["post-4717","page","type-page","status-publish","hentry"],"aioseo_notices":[],"_links":{"self":[{"href":"https:\/\/nebotours.ba\/index.php\/wp-json\/wp\/v2\/pages\/4717","targetHints":{"allow":["GET"]}}],"collection":[{"href":"https:\/\/nebotours.ba\/index.php\/wp-json\/wp\/v2\/pages"}],"about":[{"href":"https:\/\/nebotours.ba\/index.php\/wp-json\/wp\/v2\/types\/page"}],"author":[{"embeddable":true,"href":"https:\/\/nebotours.ba\/index.php\/wp-json\/wp\/v2\/users\/1"}],"replies":[{"embeddable":true,"href":"https:\/\/nebotours.ba\/index.php\/wp-json\/wp\/v2\/comments?post=4717"}],"version-history":[{"count":35,"href":"https:\/\/nebotours.ba\/index.php\/wp-json\/wp\/v2\/pages\/4717\/revisions"}],"predecessor-version":[{"id":6737,"href":"https:\/\/nebotours.ba\/index.php\/wp-json\/wp\/v2\/pages\/4717\/revisions\/6737"}],"wp:attachment":[{"href":"https:\/\/nebotours.ba\/index.php\/wp-json\/wp\/v2\/media?parent=4717"}],"curies":[{"name":"wp","href":"https:\/\/api.w.org\/{rel}","templated":true}]}}