{"id":4865,"date":"2022-02-02T20:56:44","date_gmt":"2022-02-02T20:56:44","guid":{"rendered":"http:\/\/nebotours.aha.ba\/?page_id=4865"},"modified":"2022-05-19T21:15:26","modified_gmt":"2022-05-19T21:15:26","slug":"srbija","status":"publish","type":"page","link":"https:\/\/nebotours.ba\/index.php\/srbija\/","title":{"rendered":"Srbija"},"content":{"rendered":"<body><p><\/p>\n<div class=\"one withsmallpadding ppb_content_half_bg withbg parallax \" style=\"background-image:url(\/wp-content\/uploads\/2022\/01\/France-winter-scaled.jpg);background-position: center top;padding:90px 0 90px 0;\">\n<div class=\"standard_wrapper\">\n<div class=\"page_content_wrapper\">\n<div class=\"inner\">\n<div class=\"one_half_bg\" style=\"background:#ffffff;background:rgb(255,255,255,0.9);background:rgba(255,255,255,0.9);\" data-stellar-ratio=\"1.3\">\n<h2 class=\"ppb_title\" style=\"\">Srbija<\/h2>\n<div class=\"ppb_header_content\">\n<p>\nTra\u017eite smje\u0161taj za zimovanje iz snova?<\/p>\n<p>Nudimo Vam hotele, ku\u0107e i apartmane za zimski odmor u brojnim evropskim, regionalnim i lokalnim odredi\u0161tima u skladu s Va\u0161im \u017eeljama i potrebama, bez obzira te\u017eite li zimskim skija\u0161kim izazovima ili ste u potrazi za idili\u010dnim zimskim odmorom na planini. <\/p>\n<\/div>\n<\/div>\n<\/div>\n<\/div>\n<\/div>\n<\/div>\n<div class=\"one withsmallpadding\" style=\"padding:40px 0 40px 0;\">\n<div class=\"standard_wrapper\">\n<div class=\"page_content_wrapper\">\n<div class=\"inner\">\n<div class=\"inner_wrapper\">\n<div class=\"sidebar_content \">\n<div class=\"one_half \" style=\"\">\n<strong>Kopaonik <\/strong>\n<p>Kopaonik predstavlja najve\u0107i skija\u0161ki centar u Srbiji, ali i jedan od najljep\u0161ih u ovom dijelu Europe.<\/p>\n<p>Sun\u010dani i snje\u017eni dani su savr\u0161eno izbalansirani, a priroda je ovu planinu nagradila odli\u010dnim nagibima idealnim za u\u017eivanje u svim kategorijama skijanja. <\/p>\n<p>Skija\u0161ki centar Kopaonik posjeduje oko 55 km staza ure\u0111enih za alpsko skijanje i 12 km staza za nordijsko skijanje. One koji u\u017eivaju u skijanju no\u0107u razveseli\u0107e osvjetljena staza \u201cMalo Jezero\u201d, a  Va\u0161i mali\u0161ani mogu da u\u017eivaju u posebno obezbje\u0111enom prostoru \u201cski vrti\u0107a\u201d.\n<\/p>\n<\/div>\n<div class=\"one_half last \" style=\"\">\n<div style=\"width: 1450px\" class=\"wp-caption alignnone\"><img decoding=\"async\" loading=\"lazy\" class=\"size-full\" src=\"\/wp-content\/uploads\/2022\/02\/Serbia-Kopaonik.jpg\" alt=\"Kopaonik\" width=\"1440\" height=\"960\">\n<p class=\"wp-caption-text\"><em>Kopaonik \u2013 Photo by <a href=\"https:\/\/unsplash.com\/@crle?utm_source=unsplash&amp;utm_medium=referral&amp;utm_content=creditCopyText\">Nedzad Crnovrsanin<\/a> on <a href=\"https:\/\/unsplash.com\/?utm_source=unsplash&amp;utm_medium=referral&amp;utm_content=creditCopyText\">Unsplash<\/a><\/em><\/p>\n<\/div>\n<\/div>\n<p><br class=\"clear\"><\/p>\n<hr class=\"block-separator\">\n<div class=\"one_half \" style=\"\">\n<strong>Zlatibor <\/strong>\n<p>Planina Zlatibor je planina sa najdu\u017eom turisti\u010dkom tradicijom, a smje\u0161tena je u zapadnoj Srbiji. <\/p>\n<p>\u010cudotvorna klima Zlatibora povoljna je i za lije\u010denje bronhijalne astme i drugih alergijskih bolesti.<\/p>\n<p>Osim toga Zlatibor je idealan i za pripreme sportskih timova i odmor od stresne svakodnevnice jer blagotvorno djeluje na op\u0161te fizi\u010dko stanje \u010dovjeka.\n<\/p>\n<\/div>\n<div class=\"one_half last \" style=\"\">\n<div style=\"width: 1450px\" class=\"wp-caption alignnone\"><img decoding=\"async\" loading=\"lazy\" class=\"size-full\" src=\"\/wp-content\/uploads\/2022\/02\/Serbia-Zlatibor.jpg\" alt=\"Zlatibor\" width=\"1440\" height=\"960\">\n<p class=\"wp-caption-text\"><em>Zlatibor \u2013 Photo by <a href=\"https:\/\/unsplash.com\/@ristac1903?utm_source=unsplash&amp;utm_medium=referral&amp;utm_content=creditCopyText\">Luka Ristic<\/a> on <a href=\"https:\/\/unsplash.com\/?utm_source=unsplash&amp;utm_medium=referral&amp;utm_content=creditCopyText\">Unsplash<\/a><\/em><\/p>\n<\/div>\n<\/div>\n<p><br class=\"clear\"><\/p>\n<hr class=\"block-separator\">\n<strong>Tara<\/strong><br>\nPo mnogima, najljep\u0161a planina Srbije Tara od 13. jula 1981. godine progla\u0161ena je Nacionalnim parkom. Najkvalitetniji skija\u0161ki tereni su u reonu Predovog krsta, sa visinskom razlikom od 500 m. Du\u017eina staze je od 3 do 5 km.\n<p>Reljef Tare ima pogodna rekreativna svojstva, jer mali nagibi pogoduju \u0161etnji, jahanju, razli\u010ditim sportskim igrama, kori\u0161\u0107enju trim staze i sli\u010dno.<\/p>\n<hr class=\"block-separator\">\n<strong>Stara Planina<\/strong><br>\nStara Planina je najve\u0107a planina u isto\u010dnoj Srbiji, prostire se kao prirodna granica prema Bugarskoj.\n<p>Na ovoj je planini u toku gradnja najve\u0107eg planinskog centra u Srbiji, u sklopu koga je na Babinom Zubu planirano alpsko skijali\u0161te kapaciteta od 14.000 skija\u0161a svih kategorija, sa 40 km \u017ei\u010dara i 100 km staza. Na dva kraja skijali\u0161ta planirani su smje\u0161tajni centri \u201cGolema Reka\u201d sa 5.000 i \u201cJabu\u010dko Ravni\u0161te\u201d sa 3.000 le\u017eajeva. <\/p>\n<\/div>\n<div class=\"sidebar_wrapper \">\n<div class=\"sidebar\">\n<div class=\"content\">\n<ul class=\"sidebar_widget\">\n<li id=\"block-13\" class=\"widget widget_block\">\n<div class=\"wp-block-contact-form-7-contact-form-selector\">\n<div role=\"form\" class=\"wpcf7\" id=\"wpcf7-f6699-o1\" lang=\"en-US\" dir=\"ltr\">\n<div class=\"screen-reader-response\">\n<p role=\"status\" aria-live=\"polite\" aria-atomic=\"true\">\n<\/p><ul><\/ul>\n<\/div>\n<form action=\"\/wp-admin\/post.php#wpcf7-f6699-o1\" method=\"post\" class=\"wpcf7-form init\" novalidate=\"novalidate\" data-status=\"init\">\n<div style=\"display: none;\">\n<input type=\"hidden\" name=\"_wpcf7\" value=\"6699\"><br>\n<input type=\"hidden\" name=\"_wpcf7_version\" value=\"5.5.6.1\"><br>\n<input type=\"hidden\" name=\"_wpcf7_locale\" value=\"en_US\"><br>\n<input type=\"hidden\" name=\"_wpcf7_unit_tag\" value=\"wpcf7-f6699-o1\"><br>\n<input type=\"hidden\" name=\"_wpcf7_container_post\" value=\"0\"><br>\n<input type=\"hidden\" name=\"_wpcf7_posted_data_hash\" value=\"\">\n<\/div>\n<h4>Po\u0161aljite upit<\/h4>\n<hr style=\"border-color: #ff4a52; margin-top: 12px;\">\n<p>Odaberite \u017eeljenu destinaciju iz kategorije Zimovanje, ili nam po\u0161aljite destinaciju na koju \u017eelite, a mi \u0107emo, zajedno s Vama, kreirati plan putovanja za Va\u0161 odmor.<\/p>\n<p><label> Puno ime<br>\n    <span class=\"wpcf7-form-control-wrap your-name\"><input type=\"text\" name=\"your-name\" value=\"\" size=\"40\" class=\"wpcf7-form-control wpcf7-text wpcf7-validates-as-required\" aria-required=\"true\" aria-invalid=\"false\"><\/span> <\/label><br>\n<label> E-mail adresa<br>\n    <span class=\"wpcf7-form-control-wrap your-email\"><input type=\"email\" name=\"your-email\" value=\"\" size=\"40\" class=\"wpcf7-form-control wpcf7-text wpcf7-email wpcf7-validates-as-required wpcf7-validates-as-email\" aria-required=\"true\" aria-invalid=\"false\"><\/span> <\/label><br>\n<label> Broj telefona<br>\n<span class=\"wpcf7-form-control-wrap tel-100\"><input type=\"tel\" name=\"tel-100\" value=\"\" size=\"40\" class=\"wpcf7-form-control wpcf7-text wpcf7-tel wpcf7-validates-as-required wpcf7-validates-as-tel\" aria-required=\"true\" aria-invalid=\"false\"><\/span> <\/label><br>\n<label> Zainteresovani ste za<br>\n<span class=\"wpcf7-form-control-wrap menu-100\"><select name=\"menu-100\" class=\"wpcf7-form-control wpcf7-select\" id=\"interest-trip-winter\" aria-invalid=\"false\"><option value=\"Zimovanje\">Zimovanje<\/option><option value=\"Austrija\">Austrija<\/option><option value=\"Bosna i Hercegovina\">Bosna i Hercegovina<\/option><option value=\"Bugarska\">Bugarska<\/option><option value=\"Francuska\">Francuska<\/option><option value=\"Italija\">Italija<\/option><option value=\"Slova\u010dka\">Slova\u010dka<\/option><option value=\"Slovenija\">Slovenija<\/option><option value=\"Srbija\">Srbija<\/option><option value=\"\u0160vjcarska\">\u0160vjcarska<\/option><option value=\"\u0160vedska\">\u0160vedska<\/option><\/select><\/span> <\/label><br>\n<label> Poruka (unesite \u017eeljenu destinaciju)<br>\n<span class=\"wpcf7-form-control-wrap textarea-100\"><textarea name=\"textarea-100\" cols=\"40\" rows=\"10\" class=\"wpcf7-form-control wpcf7-textarea wpcf7-validates-as-required contact-text-area\" aria-required=\"true\" aria-invalid=\"false\"><\/textarea><\/span><\/label><br>\n<label> Broj osoba<br>\n<span class=\"wpcf7-form-control-wrap text-100\"><input type=\"text\" name=\"text-100\" value=\"\" size=\"40\" class=\"wpcf7-form-control wpcf7-text wpcf7-validates-as-required\" aria-required=\"true\" aria-invalid=\"false\" placeholder=\"1\"><\/span> <\/label><br>\n<input type=\"submit\" value=\"Po\u0161aljite upit\" class=\"wpcf7-form-control has-spinner wpcf7-submit\"><\/p>\n<p style=\"display: none !important;\"><label>\u0394<textarea name=\"_wpcf7_ak_hp_textarea\" cols=\"45\" rows=\"8\" maxlength=\"100\"><\/textarea><\/label><input type=\"hidden\" id=\"ak_js_1\" name=\"_wpcf7_ak_js\" value=\"223\"><script>document.getElementById( \"ak_js_1\" ).setAttribute( \"value\", ( new Date() ).getTime() );<\/script><\/p>\n<div class=\"wpcf7-response-output\" aria-hidden=\"true\"><\/div>\n<\/form>\n<\/div>\n<\/div>\n<\/li>\n<\/ul>\n<\/div>\n<\/div>\n<\/div>\n<\/div>\n<\/div>\n<\/div>\n<\/div>\n<\/div>\n<p><\/p>\n<\/body>","protected":false},"excerpt":{"rendered":"<p>Srbija Tra\u017eite smje\u0161taj za zimovanje iz snova? Nudimo Vam hotele, ku\u0107e i apartmane za zimski odmor u brojnim evropskim, regionalnim i lokalnim odredi\u0161tima u skladu s Va\u0161im \u017eeljama i potrebama, bez obzira te\u017eite li zimskim skija\u0161kim izazovima ili ste u [&hellip;]<\/p>\n","protected":false},"author":1,"featured_media":0,"parent":0,"menu_order":0,"comment_status":"closed","ping_status":"closed","template":"","meta":{"om_disable_all_campaigns":false,"footnotes":""},"class_list":["post-4865","page","type-page","status-publish","hentry"],"aioseo_notices":[],"_links":{"self":[{"href":"https:\/\/nebotours.ba\/index.php\/wp-json\/wp\/v2\/pages\/4865","targetHints":{"allow":["GET"]}}],"collection":[{"href":"https:\/\/nebotours.ba\/index.php\/wp-json\/wp\/v2\/pages"}],"about":[{"href":"https:\/\/nebotours.ba\/index.php\/wp-json\/wp\/v2\/types\/page"}],"author":[{"embeddable":true,"href":"https:\/\/nebotours.ba\/index.php\/wp-json\/wp\/v2\/users\/1"}],"replies":[{"embeddable":true,"href":"https:\/\/nebotours.ba\/index.php\/wp-json\/wp\/v2\/comments?post=4865"}],"version-history":[{"count":41,"href":"https:\/\/nebotours.ba\/index.php\/wp-json\/wp\/v2\/pages\/4865\/revisions"}],"predecessor-version":[{"id":6747,"href":"https:\/\/nebotours.ba\/index.php\/wp-json\/wp\/v2\/pages\/4865\/revisions\/6747"}],"wp:attachment":[{"href":"https:\/\/nebotours.ba\/index.php\/wp-json\/wp\/v2\/media?parent=4865"}],"curies":[{"name":"wp","href":"https:\/\/api.w.org\/{rel}","templated":true}]}}