{"id":4950,"date":"2022-02-03T22:49:07","date_gmt":"2022-02-03T22:49:07","guid":{"rendered":"http:\/\/nebotours.aha.ba\/?page_id=4950"},"modified":"2022-05-19T20:57:06","modified_gmt":"2022-05-19T20:57:06","slug":"bugarska","status":"publish","type":"page","link":"https:\/\/nebotours.ba\/index.php\/bugarska\/","title":{"rendered":"Bugarska"},"content":{"rendered":"<body><p><\/p>\n<div class=\"one withsmallpadding ppb_content_half_bg withbg parallax \" style=\"background-image:url(\/wp-content\/uploads\/2022\/02\/Bulgaria-Bansko-1.jpg);background-position: center top;padding:90px 0 90px 0;\">\n<div class=\"standard_wrapper\">\n<div class=\"page_content_wrapper\">\n<div class=\"inner\">\n<div class=\"one_half_bg\" style=\"background:#ffffff;background:rgb(255,255,255,0.9);background:rgba(255,255,255,0.9);\" data-stellar-ratio=\"1.3\">\n<h2 class=\"ppb_title\" style=\"\">Bugarska<\/h2>\n<div class=\"ppb_header_content\">\n<p>Tra\u017eite smje\u0161taj za zimovanje iz snova?<\/p>\n<p>Nudimo Vam hotele, ku\u0107e i apartmane za zimski odmor u brojnim evropskim, regionalnim i lokalnim odredi\u0161tima u skladu s Va\u0161im \u017eeljama i potrebama, bez obzira te\u017eite li zimskim skija\u0161kim izazovima ili ste u potrazi za idili\u010dnim zimskim odmorom na planini. <\/p>\n<\/div>\n<\/div>\n<\/div>\n<\/div>\n<\/div>\n<\/div>\n<div class=\"one withsmallpadding\" style=\"padding:40px 0 40px 0;\">\n<div class=\"standard_wrapper\">\n<div class=\"page_content_wrapper\">\n<div class=\"inner\">\n<div class=\"inner_wrapper\">\n<div class=\"sidebar_content \">\n<div class=\"one_half \" style=\"\">\n<strong>Bansko<\/strong><br>\nNi cijelih 200 km udaljeno od Sofije nalazi se ovo atraktivno skijali\u0161te. Rutom dugom 6 km, savremena gondola neprestano prevozi turiste od turisti\u010dkog centra do ski terena na planini Pirin, koja je zbog svoje ljepote i posebnosti nalazi pod za\u0161titom UNESCO-a.\n<\/div>\n<div class=\"one_half last \" style=\"\">\n<div style=\"width: 1450px\" class=\"wp-caption alignnone\"><img decoding=\"async\" loading=\"lazy\" class=\"size-full\" src=\"\/wp-content\/uploads\/2022\/02\/Bulgaria-Bansko-1-1.jpg\" alt=\"Bansko\" width=\"1440\" height=\"960\">\n<p class=\"wp-caption-text\"><em>Bansko<\/em><\/p>\n<\/div>\n<\/div>\n<p><br class=\"clear\"><\/p>\n<hr class=\"block-separator\">\n<div class=\"one_half \" style=\"\">\n<strong>Borovec<\/strong><br>\nRije\u010d je o najstarijem i najpopularnijem skijali\u0161tu u Bugarskoj, koje je smje\u0161teno na obroncima Balkanskih planina. Od glavnog grada udaljeno je samo 72 km pa je i omiljeno izleti\u0161te lokalnog stanovni\u0161tva. Od podno\u017eja do staza na vrhu, na kojima su 1981. i 1984. godine odr\u017eana takmi\u010denja u Svjetskom kupu, a 1983. godine Svjetsko prvenstvo u biatlonu, dolazi se gondolom i ski liftovima\u2026 Ljubitelji planine no\u0107u mogu da u\u017eivaju u brojnim diskotekama, nacionalnim restoranima, barovima\u2026\n<\/div>\n<div class=\"one_half last \" style=\"\">\n<div style=\"width: 1450px\" class=\"wp-caption alignnone\"><img decoding=\"async\" loading=\"lazy\" class=\"size-full\" src=\"\/wp-content\/uploads\/2022\/02\/Bulgaria-Borovac.jpg\" alt=\"Borovec\" width=\"1440\" height=\"960\">\n<p class=\"wp-caption-text\"><em>Borovec<\/em><\/p>\n<\/div>\n<\/div>\n<p><br class=\"clear\"><\/p>\n<div class=\"photo-credit\">\n<hr>\n<hr>\n<p>Cover photo by <a href=\"https:\/\/unsplash.com\/@paykoff?utm_source=unsplash&amp;utm_medium=referral&amp;utm_content=creditCopyText\">Vitaliy Paykov<\/a> on <a href=\"https:\/\/unsplash.com\/?utm_source=unsplash&amp;utm_medium=referral&amp;utm_content=creditCopyText\">Unsplash<\/a><br>\nBansko photo by <a href=\"https:\/\/unsplash.com\/@ratsk1?utm_source=unsplash&amp;utm_medium=referral&amp;utm_content=creditCopyText\">Rat Ski<\/a> on <a href=\"https:\/\/unsplash.com\/?utm_source=unsplash&amp;utm_medium=referral&amp;utm_content=creditCopyText\">Unsplash<\/a><br>\nBorovec photo by <a href=\"https:\/\/unsplash.com\/@antoniachekrakchieva?utm_source=unsplash&amp;utm_medium=referral&amp;utm_content=creditCopyText\">Antonia Chekrakchieva<\/a> on <a href=\"https:\/\/unsplash.com\/?utm_source=unsplash&amp;utm_medium=referral&amp;utm_content=creditCopyText\">Unsplash<\/a>\n<\/p>\n<\/div>\n<\/div>\n<div class=\"sidebar_wrapper \">\n<div class=\"sidebar\">\n<div class=\"content\">\n<ul class=\"sidebar_widget\">\n<li id=\"block-13\" class=\"widget widget_block\">\n<div class=\"wp-block-contact-form-7-contact-form-selector\">\n<div role=\"form\" class=\"wpcf7\" id=\"wpcf7-f6699-o1\" lang=\"en-US\" dir=\"ltr\">\n<div class=\"screen-reader-response\">\n<p role=\"status\" aria-live=\"polite\" aria-atomic=\"true\">\n<\/p><ul><\/ul>\n<\/div>\n<form action=\"\/wp-admin\/post.php#wpcf7-f6699-o1\" method=\"post\" class=\"wpcf7-form init\" novalidate=\"novalidate\" data-status=\"init\">\n<div style=\"display: none;\">\n<input type=\"hidden\" name=\"_wpcf7\" value=\"6699\"><br>\n<input type=\"hidden\" name=\"_wpcf7_version\" value=\"5.5.6.1\"><br>\n<input type=\"hidden\" name=\"_wpcf7_locale\" value=\"en_US\"><br>\n<input type=\"hidden\" name=\"_wpcf7_unit_tag\" value=\"wpcf7-f6699-o1\"><br>\n<input type=\"hidden\" name=\"_wpcf7_container_post\" value=\"0\"><br>\n<input type=\"hidden\" name=\"_wpcf7_posted_data_hash\" value=\"\">\n<\/div>\n<h4>Po\u0161aljite upit<\/h4>\n<hr style=\"border-color: #ff4a52; margin-top: 12px;\">\n<p>Odaberite \u017eeljenu destinaciju iz kategorije Zimovanje, ili nam po\u0161aljite destinaciju na koju \u017eelite, a mi \u0107emo, zajedno s Vama, kreirati plan putovanja za Va\u0161 odmor.<\/p>\n<p><label> Puno ime<br>\n    <span class=\"wpcf7-form-control-wrap your-name\"><input type=\"text\" name=\"your-name\" value=\"\" size=\"40\" class=\"wpcf7-form-control wpcf7-text wpcf7-validates-as-required\" aria-required=\"true\" aria-invalid=\"false\"><\/span> <\/label><br>\n<label> E-mail adresa<br>\n    <span class=\"wpcf7-form-control-wrap your-email\"><input type=\"email\" name=\"your-email\" value=\"\" size=\"40\" class=\"wpcf7-form-control wpcf7-text wpcf7-email wpcf7-validates-as-required wpcf7-validates-as-email\" aria-required=\"true\" aria-invalid=\"false\"><\/span> <\/label><br>\n<label> Broj telefona<br>\n<span class=\"wpcf7-form-control-wrap tel-100\"><input type=\"tel\" name=\"tel-100\" value=\"\" size=\"40\" class=\"wpcf7-form-control wpcf7-text wpcf7-tel wpcf7-validates-as-required wpcf7-validates-as-tel\" aria-required=\"true\" aria-invalid=\"false\"><\/span> <\/label><br>\n<label> Zainteresovani ste za<br>\n<span class=\"wpcf7-form-control-wrap menu-100\"><select name=\"menu-100\" class=\"wpcf7-form-control wpcf7-select\" id=\"interest-trip-winter\" aria-invalid=\"false\"><option value=\"Zimovanje\">Zimovanje<\/option><option value=\"Austrija\">Austrija<\/option><option value=\"Bosna i Hercegovina\">Bosna i Hercegovina<\/option><option value=\"Bugarska\">Bugarska<\/option><option value=\"Francuska\">Francuska<\/option><option value=\"Italija\">Italija<\/option><option value=\"Slova\u010dka\">Slova\u010dka<\/option><option value=\"Slovenija\">Slovenija<\/option><option value=\"Srbija\">Srbija<\/option><option value=\"\u0160vjcarska\">\u0160vjcarska<\/option><option value=\"\u0160vedska\">\u0160vedska<\/option><\/select><\/span> <\/label><br>\n<label> Poruka (unesite \u017eeljenu destinaciju)<br>\n<span class=\"wpcf7-form-control-wrap textarea-100\"><textarea name=\"textarea-100\" cols=\"40\" rows=\"10\" class=\"wpcf7-form-control wpcf7-textarea wpcf7-validates-as-required contact-text-area\" aria-required=\"true\" aria-invalid=\"false\"><\/textarea><\/span><\/label><br>\n<label> Broj osoba<br>\n<span class=\"wpcf7-form-control-wrap text-100\"><input type=\"text\" name=\"text-100\" value=\"\" size=\"40\" class=\"wpcf7-form-control wpcf7-text wpcf7-validates-as-required\" aria-required=\"true\" aria-invalid=\"false\" placeholder=\"1\"><\/span> <\/label><br>\n<input type=\"submit\" value=\"Po\u0161aljite upit\" class=\"wpcf7-form-control has-spinner wpcf7-submit\"><\/p>\n<p style=\"display: none !important;\"><label>\u0394<textarea name=\"_wpcf7_ak_hp_textarea\" cols=\"45\" rows=\"8\" maxlength=\"100\"><\/textarea><\/label><input type=\"hidden\" id=\"ak_js_1\" name=\"_wpcf7_ak_js\" value=\"207\"><script>document.getElementById( \"ak_js_1\" ).setAttribute( \"value\", ( new Date() ).getTime() );<\/script><\/p>\n<div class=\"wpcf7-response-output\" aria-hidden=\"true\"><\/div>\n<\/form>\n<\/div>\n<\/div>\n<\/li>\n<\/ul>\n<\/div>\n<\/div>\n<\/div>\n<\/div>\n<\/div>\n<\/div>\n<\/div>\n<\/div>\n<p><\/p>\n<\/body>","protected":false},"excerpt":{"rendered":"<p>Bugarska Tra\u017eite smje\u0161taj za zimovanje iz snova? Nudimo Vam hotele, ku\u0107e i apartmane za zimski odmor u brojnim evropskim, regionalnim i lokalnim odredi\u0161tima u skladu s Va\u0161im \u017eeljama i potrebama, bez obzira te\u017eite li zimskim skija\u0161kim izazovima ili ste u [&hellip;]<\/p>\n","protected":false},"author":1,"featured_media":0,"parent":0,"menu_order":0,"comment_status":"closed","ping_status":"closed","template":"","meta":{"om_disable_all_campaigns":false,"footnotes":""},"class_list":["post-4950","page","type-page","status-publish","hentry"],"aioseo_notices":[],"_links":{"self":[{"href":"https:\/\/nebotours.ba\/index.php\/wp-json\/wp\/v2\/pages\/4950","targetHints":{"allow":["GET"]}}],"collection":[{"href":"https:\/\/nebotours.ba\/index.php\/wp-json\/wp\/v2\/pages"}],"about":[{"href":"https:\/\/nebotours.ba\/index.php\/wp-json\/wp\/v2\/types\/page"}],"author":[{"embeddable":true,"href":"https:\/\/nebotours.ba\/index.php\/wp-json\/wp\/v2\/users\/1"}],"replies":[{"embeddable":true,"href":"https:\/\/nebotours.ba\/index.php\/wp-json\/wp\/v2\/comments?post=4950"}],"version-history":[{"count":16,"href":"https:\/\/nebotours.ba\/index.php\/wp-json\/wp\/v2\/pages\/4950\/revisions"}],"predecessor-version":[{"id":6736,"href":"https:\/\/nebotours.ba\/index.php\/wp-json\/wp\/v2\/pages\/4950\/revisions\/6736"}],"wp:attachment":[{"href":"https:\/\/nebotours.ba\/index.php\/wp-json\/wp\/v2\/media?parent=4950"}],"curies":[{"name":"wp","href":"https:\/\/api.w.org\/{rel}","templated":true}]}}