{"id":5100,"date":"2022-02-06T09:33:08","date_gmt":"2022-02-06T09:33:08","guid":{"rendered":"http:\/\/nebotours.aha.ba\/?page_id=5100"},"modified":"2022-05-19T06:54:28","modified_gmt":"2022-05-19T06:54:28","slug":"duh-balkana","status":"publish","type":"page","link":"https:\/\/nebotours.ba\/index.php\/duh-balkana\/","title":{"rendered":"Duh Balkana"},"content":{"rendered":"<body><div class=\"one\" style=\"background-color:#65acd5;\">\n<div class=\"one_half_bg parallax\" style=\"background-image:url(\/wp-content\/uploads\/2022\/02\/6.jpg);height:600px;\"><\/div>\n<div class=\"one_half_bg\" style=\"padding:40px;\">\n<h2 class=\"ppb_title\" style=\"\">Duh Balkana<\/h2>\n<div class=\"ppb_header_content\">\n<p><strong>Ni mala teritorija ni bogatija istorija<\/strong><\/p>\n<p>Balkan je od pamtivijeka bio most izme\u0111u Azije, Evrope, istoka i zapada. To je doprinijelo formiranju multietni\u010dkih grupa, prouzrokovalo razli\u010dite kulturne i politi\u010dke efekte i nerede tokom istorije.<br>\nPostoji mnogo razli\u010ditih tuma\u010denja o tome kako je ovo poluostrvo dobilo ime. Najra\u0161irenije je vjerovanje da je dobio ime po italskom bogu vulkanske vatre, Vulkanu. Ovaj dio Balkana je mnogo puta bio centar mnogih svjetskih de\u0161avanja. Ubistvo Franca Ferdinanda u Sarajevu 1914. godine se smatra uzrokom Prvog svjetskog rata.<\/p>\n<p>Balkansko poluostrvo je podru\u010dje jugoisto\u010dne Evropa okru\u017eeno vodom sa tri strane: Jadransko more na zapadu, Sredozemno more (uklju\u010duju\u0107i Jonsko i Egejsko more),  Mramorno more na jugu i Crno more na istoku. Dunav, Sava i Kupa \u010desto se smatraju njegovom sjevernom granicom.<br>\nBalkansko poluostrvo ima kombinovanu oblast od oko 490.000 km2.<\/p>\n<p>\u010cesto spominjani \u201cZapadni Balkan\u201d uklju\u010duje zemlje: Bosna i Hercegovina, Hrvatska, Crna Gora i Srbija.<\/p>\n<\/div>\n<\/div>\n<p><br class=\"clear\"><\/p><\/div>\n<div class=\"one withsmallpadding ppb_text\" style=\"text-align:left;padding:20px 0 20px 0;\">\n<div class=\"standard_wrapper\">\n<div class=\"page_content_wrapper\">\n<div class=\"inner\">\n<div style=\"margin:auto;width:100%\">\n<div class=\"aha-grid-wrapper\">\n<div class=\"aha-grid-container\">\n<h2>\u017delite\u2026<\/h2>\n<div class=\"aha-grid-container\">\n<div class=\"aha-grid\">\n<div class=\"aha-col aha-col-md-3\">\n<div class=\"aha-blockquote-text\" style=\"margin-bottom: 0\">\n<h4>\u2026mir?<\/h4>\n<p> Za kratko vrijeme mo\u017eemo vam organizirati izlete do veli\u010danstvene obale Jadranskog mora u Crnoj Gori i Hrvatskoj i upoznati vas sa mjestima \u010diji \u0107e vas sklad u\u010diniti opu\u0161tenim. Pra\u0161ume kakve nema nigdje u Evropi, mir i svje\u017eina olimpijskih planina, zvuci divljih konja u sumrak i topla, seoska doma\u0107instva probudit \u0107e prijatna osje\u0107anja u vama. Tako\u0111er, mo\u017eete odabrati foto-safari u jednom od mnogih parkova prirode uz pecanje ili sakupljanje bilja.\n    <\/p>\n<\/div>\n<\/div>\n<div class=\"aha-col aha-col-md-3\">\n<div class=\"aha-blockquote-text\" style=\"margin-bottom: 0\">\n<h3>\u2026duhovni preporod?<\/h3>\n<p> Me\u0111ugorje, katoli\u010dko sveti\u0161te koje zauzima drugo mjesto u svijetu po broju posjetilaca, mnogi pravoslavni drevni manastiri u kojima su zabilje\u017eena \u010dudesna iscjeljenja i impresivne tekije \u010dine Balkan svjetskim centrom vjerskog turizma.\n    <\/p>\n<\/div>\n<\/div>\n<\/div>\n<div class=\"aha-grid\">\n<div class=\"aha-col aha-col-md-3\">\n<div class=\"aha-blockquote-text\" style=\"margin-bottom: 0\">\n<h4>\u2026adrenalinski udarac?<\/h4>\n<p> Mnoge uzbudljive aktivnosti koje su zapanjuju\u0107e, kao \u0161to su splavarenje brzacima Neretve, Une, Vrbasa, Tare, Drine i ostalim balkanskim rijekama dio su ove ponude. Oni koji \u017eele da dobiju svoju dozu adrenalina mogu u\u017eivati i u vo\u017enji kvadovima u brdovitim podru\u010djima. Tokom zimskih mjeseci, zabavne aktivnosti kao \u0161to su snowboarding, skijanje tokom dana i no\u0107no skijanje uz obilje drugih oblika zabave koje poznata ski odmarali\u0161ta iz Bosne i Hercegovine i Srbije nude, nalaze vam se na raspolaganju.\n    <\/p>\n<\/div>\n<\/div>\n<div class=\"aha-col aha-col-md-3\">\n<div class=\"aha-blockquote-text\" style=\"margin-bottom: 0\">\n<h4>\u2026lude no\u0107ne izlaske?\n<\/h4><p> No\u0107ni \u017eivot Beograda ima svjetsku reputaciju. Zabava na plutaju\u0107im rije\u010dnim klubovima je preporuka mnogih svjetskih vodi\u010da. A ni\u0161ta manje impresivni nisu ni kockarnice u Sloveniji i Crnoj Gori ili bosanska tradicionalna muzika Sevdah.\n    <\/p>\n<\/div>\n<\/div>\n<\/div>\n<div class=\"aha-grid\">\n<div class=\"aha-col aha-col-md-3\">\n<div class=\"aha-blockquote-text\" style=\"margin-bottom: 0\">\n<h4>\u2026novi osmijeh?<\/h4>\n<p>U saradnji sa vrhunskim timom stomatologa jedne od najmodernijih poliklinika u Evropi, nudimo vam mogu\u0107nost da imate blistav osmijeh za samo 24 sata. Zahvaljuju\u0107i toj inovaciji, osmislili smo petodnevni aran\u017eman u glavnom gradu Bosne i Hercegovine koji podrazumijeva upoznavanje na\u0161e kulture, obi\u010daja i prirodnog bogatstvo, kao i savr\u0161en osmijeh za koji prije niste imali vremena.\n    <\/p>\n<\/div>\n<\/div>\n<\/div>\n<\/div>\n<\/div>\n<\/div>\n<\/div>\n<\/div>\n<\/div>\n<\/div>\n<\/div>\n<div class=\"one withsmallpadding ppb_text\" style=\"padding:10px;background-color:#ff4a53;color:#ffffff !important;\">\n<p style=\"text-align: center;\"><span style=\"color: #ffffff;\"><strong>\u201eZapadni Balkan\u201c uklju\u010duje zemlje: Bosna i Hercegovina, Hrvatska, Crna Gora i Srbija.<\/strong><\/span><\/p>\n<h3 style=\"text-align: center;\"><span style=\"color: #ffffff;\">Izaberite svoju sljede\u0107u avanturu!<\/span><\/h3>\n<\/div>\n<div class=\"ppb_destination_grid one nopadding \" style=\"margin-top:48px;\">\n<div class=\"page_content_wrapper page_main_content sidebar_content full_width fixed_column\">\n<div class=\"standard_wrapper\">\n<div id=\"1652943268887427567\" class=\"portfolio_filter_wrapper gallery grid portrait four_cols\" data-columns=\"4\">\n<div class=\"element grid baseline classic4_cols animated1\">\n<div class=\"one_fourth gallery4 grid static filterable portfolio_type themeborder\" style=\"background-image:url(http:\/\/nebotours.aha.ba\/wp-content\/uploads\/2022\/02\/flag-bosnia-herzegovina-700x466.jpg);\"><a class=\"tour_image\" href=\"http:\/\/nebotours.aha.ba\/index.php\/destination\/bosna-i-hercegovina\/\"><\/a>\n<div class=\"portfolio_info_wrapper\">\n<div class=\"portfolio_info_content\">\n<h3>Duh Balkana \u00b7 Bosna i Hercegovina<\/h3>\n<\/div>\n<\/div>\n<\/div>\n<\/div>\n<div class=\"element grid baseline classic4_cols animated2\">\n<div class=\"one_fourth gallery4 grid static filterable portfolio_type themeborder\" style=\"background-image:url(http:\/\/nebotours.aha.ba\/wp-content\/uploads\/2022\/02\/flag-serbia-700x466.jpg);\"><a class=\"tour_image\" href=\"http:\/\/nebotours.aha.ba\/index.php\/destination\/srbija\/\"><\/a>\n<div class=\"portfolio_info_wrapper\">\n<div class=\"portfolio_info_content\">\n<h3>Duh Balkana \u00b7 Srbija<\/h3>\n<\/div>\n<\/div>\n<\/div>\n<\/div>\n<div class=\"element grid baseline classic4_cols animated3\">\n<div class=\"one_fourth gallery4 grid static filterable portfolio_type themeborder\" style=\"background-image:url(http:\/\/nebotours.aha.ba\/wp-content\/uploads\/2022\/02\/flag-croatia-700x466.jpg);\"><a class=\"tour_image\" href=\"http:\/\/nebotours.aha.ba\/index.php\/destination\/hrvatska\/\"><\/a>\n<div class=\"portfolio_info_wrapper\">\n<div class=\"portfolio_info_content\">\n<h3>Duh Balkana \u00b7 Hrvatska<\/h3>\n<\/div>\n<\/div>\n<\/div>\n<\/div>\n<div class=\"element grid baseline classic4_cols animated4\">\n<div class=\"one_fourth gallery4 grid static filterable portfolio_type themeborder\" style=\"background-image:url(http:\/\/nebotours.aha.ba\/wp-content\/uploads\/2022\/02\/flag-montenegro-700x466.jpg);\"><a class=\"tour_image\" href=\"http:\/\/nebotours.aha.ba\/index.php\/destination\/crna-gora\/\"><\/a>\n<div class=\"portfolio_info_wrapper\">\n<div class=\"portfolio_info_content\">\n<h3>Duh Balkana \u00b7 Crna Gora<\/h3>\n<\/div>\n<\/div>\n<\/div>\n<\/div>\n<\/div>\n<\/div>\n<\/div>\n<\/div>\n<div class=\"one withsmallpadding ppb_text\" style=\"text-align:left;padding:40px 0 40px 0;\">\n<div class=\"standard_wrapper\">\n<div class=\"page_content_wrapper\">\n<div class=\"inner\">\n<div style=\"margin:auto;width:100%\">\n<div class=\"photo-credit\">\n<hr>\n<hr>\n<p>Cover vector created by <a href=\"https:\/\/www.freepik.com\/vectors\/travel\">freepik \u2013 www.freepik.com<\/a><br>\nMontenegro, and Srbia flag photos created by <a href=\"https:\/\/www.freepik.com\/photos\/background\"> www.slon.pics \u2013 www.freepik.com<\/a><br>\n<a href=\"https:\/\/www.freepik.com\/photos\/background\">Background photo created by www.slon.pics \u2013 www.freepik.com<\/a><br>\nCroatia flag photo  created by<a href=\"https:\/\/www.freepik.com\/photos\/banner\"> www.slon.pics \u2013 www.freepik.com<\/a><br>\nBosnia and Herzegovina photo created by<a href=\"https:\/\/www.freepik.com\/photos\/wave\"> www.slon.pics \u2013 www.freepik.com<\/a><\/p><\/div>\n<\/div>\n<\/div>\n<\/div>\n<\/div>\n<\/div>\n<\/body>","protected":false},"excerpt":{"rendered":"<p>Duh Balkana Ni mala teritorija ni bogatija istorija Balkan je od pamtivijeka bio most izme\u0111u Azije, Evrope, istoka i zapada. To je doprinijelo formiranju multietni\u010dkih grupa, prouzrokovalo razli\u010dite kulturne i politi\u010dke efekte i nerede tokom istorije. Postoji mnogo razli\u010ditih tuma\u010denja [&hellip;]<\/p>\n","protected":false},"author":1,"featured_media":0,"parent":0,"menu_order":0,"comment_status":"closed","ping_status":"closed","template":"","meta":{"om_disable_all_campaigns":false,"footnotes":""},"class_list":["post-5100","page","type-page","status-publish","hentry"],"aioseo_notices":[],"_links":{"self":[{"href":"https:\/\/nebotours.ba\/index.php\/wp-json\/wp\/v2\/pages\/5100","targetHints":{"allow":["GET"]}}],"collection":[{"href":"https:\/\/nebotours.ba\/index.php\/wp-json\/wp\/v2\/pages"}],"about":[{"href":"https:\/\/nebotours.ba\/index.php\/wp-json\/wp\/v2\/types\/page"}],"author":[{"embeddable":true,"href":"https:\/\/nebotours.ba\/index.php\/wp-json\/wp\/v2\/users\/1"}],"replies":[{"embeddable":true,"href":"https:\/\/nebotours.ba\/index.php\/wp-json\/wp\/v2\/comments?post=5100"}],"version-history":[{"count":221,"href":"https:\/\/nebotours.ba\/index.php\/wp-json\/wp\/v2\/pages\/5100\/revisions"}],"predecessor-version":[{"id":6712,"href":"https:\/\/nebotours.ba\/index.php\/wp-json\/wp\/v2\/pages\/5100\/revisions\/6712"}],"wp:attachment":[{"href":"https:\/\/nebotours.ba\/index.php\/wp-json\/wp\/v2\/media?parent=5100"}],"curies":[{"name":"wp","href":"https:\/\/api.w.org\/{rel}","templated":true}]}}